{"id":1166,"date":"2017-04-13T18:44:56","date_gmt":"2017-04-13T18:44:56","guid":{"rendered":"https:\/\/elektrowerk.ee\/avaleht\/"},"modified":"2025-09-08T15:55:50","modified_gmt":"2025-09-08T13:55:50","slug":"avaleht","status":"publish","type":"page","link":"https:\/\/elektrowerk.ee\/ru\/","title":{"rendered":"\u0414\u043e\u043c\u0430\u0448\u043d\u044f\u044f \u0441\u0442\u0440\u0430\u043d\u0438\u0446\u0430"},"content":{"rendered":"<div class=\"wpb-content-wrapper\"><p>[vc_row][vc_column]\n    <div\n            class=\"pp-scrollable text-white section section-1   \"  >\n        <div class=\"scroll-wrap\">\n\n\t\t\t                <div class=\"section-bg\" style=\"background-image:url(https:\/\/elektrowerk.ee\/wp-content\/uploads\/2019\/11\/interior.jpg);\"><\/div>\n\t\t\t\t\n            <div class=\"scrollable-content\">\n                <div class=\"vertical-centred\">\n                    <div class=\"boxed boxed-inner\">\n                        <div\n                                class=\"vertical-title hidden-xs hidden-sm\"><span>\u041e\u0441\u0432\u0435\u0449\u0435\u043d\u0438\u0435 \u0438 \u044d\u043b\u0435\u043a\u0442\u0440\u043e\u043c\u043e\u043d\u0442\u0430\u0436\u043d\u044b\u0435 \u0440\u0430\u0431\u043e\u0442\u044b<\/span><\/div>\n                        <div class=\"boxed\">\n                            <div class=\"container\">\n                                <div class=\"intro\">\n                                    <div class=\"row\">\n                                        <div class=\"col-md-8 col-lg-6\">\n                                            <p class=\"subtitle-top\"><\/p>\n                                            <h1 class=\"display-2 text-white\"><p><span class=\"text-primary\"> \u041e\u0441\u0432\u0435\u0449\u0435\u043d\u0438\u0435 <\/span> \u0438<br \/>\n\u0434\u0440\u0443\u0433\u0438\u0435 \u044d\u043b\u0435\u043a\u0442\u0440\u043e\u043c\u043e\u043d\u0442\u0430\u0436\u043d\u044b\u0435 \u0440\u0430\u0431\u043e\u0442\u044b<\/p>\n<p><a class=\"epood\" href=\"https:\/\/elektrowerk-shop.ee\">\u041f\u041e\u0421\u0415\u0422\u0418\u0422\u042c \u0415-\u041c\u0410\u0413\u0410\u0417\u0418\u041d<\/a><\/p>\n<\/h1>\n                                            <div class=\"hr-bottom\"><\/div>\n                                        <\/div>\n                                    <\/div>\n                                <\/div>\n                            <\/div>\n                        <\/div>\n                    <\/div>\n                <\/div>\n            <\/div>\n        <\/div>\n    <\/div>\n\n\t\n\n    <div\n            class=\"pp-scrollable section section-2  vc_custom_1602610340451  \"  >\n        <div class=\"scroll-wrap\">\n            <div class=\"scrollable-content\">\n                <div class=\"vertical-centred\">\n                    <div class=\"boxed boxed-inner\">\n                        <div\n                                class=\"vertical-title text-dark hidden-xs hidden-sm\"><span>\u0441 \u0447\u0435\u043c \u043c\u044b \u0438\u043c\u0435\u0435\u043c \u0434\u0435\u043b\u043e<\/span><\/div>\n                        <div class=\"boxed\">\n                            <div class=\"container\">\n                                <div class=\"intro\">\n                                    <div class=\"row\">\n                                        <div class=\"col-md-5 col-lg-5\">\n                                            <p class=\"subtitle-top text-dark\">\u041d\u0430\u0448\u0438 \u0443\u0441\u043b\u0443\u0433\u0438<\/p>\n                                            <h2 class=\"title-uppercase\">\u0414\u0430\u0432\u0430\u0439 \u0440\u0430\u0437\u0431\u0438\u0440\u0430\u0442\u044c\u0441\u044f<br \/>\n<span class=\"text-primary\"> \u043f\u0440\u043e\u0434\u0430\u0436\u0438 \u043e\u0441\u0432\u0435\u0449\u0435\u043d\u0438\u044f \u0438 \u044d\u043b\u0435\u043a\u0442\u0440\u043e\u043c\u043e\u043d\u0442\u0430\u0436\u043d\u044b\u0435 \u0440\u0430\u0431\u043e\u0442\u044b <\/span> \u0438 \u043c\u044b \u0433\u0430\u0440\u0430\u043d\u0442\u0438\u0440\u0443\u0435\u043c \u043a\u043b\u0438\u0435\u043d\u0442\u0430\u043c<br \/>\n\u0436\u0435\u043b\u0430\u0435\u043c\u044b\u0439 \u043a\u043e\u043d\u0435\u0447\u043d\u044b\u0439 \u0440\u0435\u0437\u0443\u043b\u044c\u0442\u0430\u0442<\/h2>\n                                            <ul class=\"service-list\">\n\t\t\t\t\t\t\t\t\t\t\t\t                                                        <li><a href=\"https:\/\/elektrowerk.ee\/ru\/dlya-arhitektorov\/\">\u0410\u0440\u0445\u0438\u0442\u0435\u043a\u0442\u043e\u0440\u0430\u043c (\u043a\u0430\u0442\u0430\u043b\u043e\u0433\u0438)<\/a><\/li>\n\n\t\t\t\t\t\t\t\t\t\t\t\t\t                                                        <li><a href=\"https:\/\/elektrowerk.ee\/ru\/konsultacziya\/\">\u041a\u043e\u043d\u0441\u0443\u043b\u044c\u0442\u0430\u0446\u0438\u044f<\/a><\/li>\n\n\t\t\t\t\t\t\t\t\t\t\t\t\t                                                        <li><a href=\"https:\/\/elektrowerk.ee\/ru\/elektromontazhnye-raboty\/\">\u042d\u043b\u0435\u043a\u0442\u0440\u043e\u043c\u043e\u043d\u0442\u0430\u0436\u043d\u044b\u0435 \u0440\u0430\u0431\u043e\u0442\u044b<\/a><\/li>\n\n\t\t\t\t\t\t\t\t\t\t\t\t\t                                                        <li><a href=\"https:\/\/elektrowerk.ee\/ru\/automaatika\/\">\u0410\u0432\u0442\u043e\u043c\u0430\u0442\u0438\u043a\u0430<\/a><\/li>\n\n\t\t\t\t\t\t\t\t\t\t\t\t\t                                                        <li><a href=\"https:\/\/elektrowerk.ee\/ru\/stroitelstvo-chastnyh-domov\/\">\u0421\u0442\u0440\u043e\u0438\u0442\u0435\u043b\u044c\u0441\u0442\u0432\u043e \u0447\u0430\u0441\u0442\u043d\u044b\u0445 \u0434\u043e\u043c\u043e\u0432<\/a><\/li>\n\n\t\t\t\t\t\t\t\t\t\t\t\t\t                                            <\/ul>\n                                        <\/div>\n                                        <div class=\"col-md-6 col-lg-5 col-md-offset-1 col-lg-offset-2\">\n                                            <div class=\"dots-image-2\">\n\n\t\t\t\t\t\t\t\t\t\t\t\t\n                                                <div class=\"dots\"><\/div>\n                                                <div class=\"experience-info\">\n                                                    <div class=\"number\">10<\/div>\n                                                    <div\n                                                            class=\"text\">\u043b\u0435\u0442<br \/>\n\u043e\u043f\u044b\u0442<\/div>\n                                                <\/div>\n                                            <\/div>\n                                        <\/div>\n                                    <\/div>\n                                <\/div>\n                            <\/div>\n                        <\/div>\n                    <\/div>\n                <\/div>\n            <\/div>\n        <\/div>\n    <\/div>\n\n\t\n\n    <div class=\"pp-scrollable section section-6  vc_custom_1757339748871  \"  >\n        <div class=\"scroll-wrap\">\n            <div class=\"scrollable-content\">\n                <div class=\"vertical-centred\">\n                    <div class=\"boxed boxed-inner\">\n                        <div\n                                class=\"vertical-title text-dark hidden-xs hidden-sm\"><span>\u043a\u043e\u043d\u0442\u0430\u043a\u0442<\/span><\/div>\n                        <div class=\"boxed\">\n                            <div class=\"container\">\n                                <div class=\"intro overflow-hidden\">\n                                    <div class=\"row\">\n                                        <div class=\"col-md-12\">\n                                            <h2 class=\"title-uppercase\">\u0441\u043f\u0440\u043e\u0441\u0438 \u043f\u0440\u0435\u0434\u043b\u043e\u0436\u0435\u043d\u0438\u0435<\/h2>\n\n\t\t\t\t\t\t\t\t\t\t\t\n\n                                                <div id=\"map\" data-lat=\"59.41142078\"\n                                                     data-lng=\"24.6748513\"\n                                                     class=\"map-2\">\n\t\t\t\t\t\t\t\t\t\t\t\t\t                                                        <div class=\"map-title\">\n\n                                                            <div class=\"brand\" href=\"#\">\n\t\t\t\t\t\t\t\t\t\t\t\t\t\t\t\t                                                                    <img decoding=\"async\" alt=\"\"\n                                                                         src=\"https:\/\/elektrowerk.ee\/wp-content\/uploads\/2019\/10\/logo-elektrowerk.svg\">\n\n\t\t\t\t\t\t\t\t\t\t\t\t\t\t\t\t                                                                <div class=\"brand-info\">\n                                                                    <div\n                                                                            class=\"brand-name\"><\/div>\n                                                                    <div\n                                                                            class=\"brand-text\"><\/div>\n                                                                <\/div>\n                                                            <\/div>\n                                                        <\/div>\n                                                        <p class=\"map-address\"><\/p>\n\t\t\t\t\t\t\t\t\t\t\t\t\t\t                                                                <div class=\"map-address-row\">\n\t\t\t\t\t\t\t\t\t\t\t\t\t\t\t\t\t                                                                        <i class=\" icon-medium icon-apartment\"><\/i>\n\t\t\t\t\t\t\t\t\t\t\t\t\t\t\t\t\t\t\t\t\t\t\t\t\t\t\t\t\t\t\t\t\t\t                                                                <\/div>\n\t\t\t\t\t\t\t\t\t\t\t\t\t\t\t\t\n\t\t\t\t\t\t\t\t\t\t\t\t\t\t                                                            <p class=\"gmap-open\">\n                                                                <a\n                                                                        href=\"https:\/\/www.google.com\/maps\/place\/Laki+30,+12915+Tallinn\/@59.4115263,24.6727791,17z\/data=!3m1!4b1!4m5!3m4!1s0x46929457350dab6f:0x501f0acfcb1060fc!8m2!3d59.4115263!4d24.6749678\"\n                                                                        target=\"_blank\">Vaata Google Maps<\/a>\n                                                            <\/p>\n\n\t\t\t\t\t\t\t\t\t\t\t\t\t\t\n\t\t\t\t\t\t\t\t\t\t\t\t\t                                                <\/div>\n\n\n\t\t\t\t\t\t\t\t\t\t\t                                                <script>\n\n\n                                                    function initialize() {\n\n                                                        var contentString = '<div class=\"map-info\">'\n                                                            + jQuery(\"#map\").html() +\n                                                            '<\/div>';\n\n\n                                                        var mapOptions = {\n                                                            zoom: 17, \/\/ Change zoom here\n                                                            center: mapLocation,\n                                                            scrollwheel: false,\n\n                                                            styles: []\n                                                        };\n\n                                                        map = new google.maps.Map(document.getElementById('map'),\n                                                            mapOptions);\n                                                        var infowindow = new google.maps.InfoWindow({\n                                                            content: contentString,\n                                                        });\n\n\t\t\t\t\t\t\t\t\t\t\t\t\t\t                                                        marker = new google.maps.Marker({\n                                                            map: map,\n                                                            draggable: true,\n                                                            title: 'bauhaus', \/\/change title here\n                                                            animation: google.maps.Animation.DROP,\n                                                            position: mapLocation\n                                                        });\n\n                                                        google.maps.event.addListener(marker, 'click', function () {\n                                                            infowindow.open(map, marker);\n                                                        });\n\n\n                                                        infowindow.open(map, marker);\n\t\t\t\t\t\t\t\t\t\t\t\t\t\t\n                                                    }\n\n\n                                                <\/script>\n\n\t\t\t\t\t\t\t\t\t\t\t\n\n\t\t\t\t\t\t\t\t\t\t\t                                                <div class=\"contact-info\">\n\n                                                    <div class=\"row-contact-info row\">\n\t\t\t\t\t\t\t\t\t\t\t\t\t\t\n\n                                                                <div class=\"col-contact-info col-md-6 col-lg-4\">\n                                                                    <div class=\"row\">\n                                                                        <h3 class=\"col-sm-3 col-md-4\">    JUHAN<br>\nTOODO<\/h3>\n                                                                        <div\n                                                                                class=\"col-right col-sm-8 col-md-7 col-sm-offset-1 col-md-offset-1\">\n\n\t\t\t\t\t\t\t\t\t\t\t\t\t\t\t\t\t\t\t\n                                                                                    <div\n                                                                                            class=\"contact-info-row col-sm-6 col-md-12\">\n\n\t\t\t\t\t\t\t\t\t\t\t\t\t\t\t\t\t\t\t\t\t\t                                                                                            <strong\n                                                                                                    class=\"text-dark\">\u0413\u0435\u043d\u0435\u0440\u0430\u043b\u044c\u043d\u044b\u0439 \u0434\u0438\u0440\u0435\u043a\u0442\u043e\u0440<\/strong><br>\n\t\t\t\t\t\t\t\t\t\t\t\t\t\t\t\t\t\t\t\t\t\t\n\t\t\t\t\t\t\t\t\t\t\t\t\t\t\t\t\t\t\t\t\t\t\u041c\u043e\u0431. <a href=\"tel:+3725030147\">+372 50 30147<\/a><br>\n\u0422\u0435\u043b. +372 655 3318<br>\n\u042d\u043b. \u0430\u0434\u0440\u0435\u0441: <a href=\"mailto:juhan@elektrowerk.ee\">juhan@elektrowerk.ee<\/a><\/p>                                                                                    <\/div>\n\n\t\t\t\t\t\t\t\t\t\t\t\t\t\t\t\t\t\t\t\t                                                                        <\/div>\n                                                                    <\/div>\n                                                                <\/div>\n\n\t\t\t\t\t\t\t\t\t\t\t\t\t\t\t\n\n                                                                <div class=\"col-contact-info col-md-6 col-lg-4\">\n                                                                    <div class=\"row\">\n                                                                        <h3 class=\"col-sm-3 col-md-4\">    TAUNO <br>\nLANG\n<\/h3>\n                                                                        <div\n                                                                                class=\"col-right col-sm-8 col-md-7 col-sm-offset-1 col-md-offset-1\">\n\n\t\t\t\t\t\t\t\t\t\t\t\t\t\t\t\t\t\t\t\n                                                                                    <div\n                                                                                            class=\"contact-info-row col-sm-6 col-md-12\">\n\n\t\t\t\t\t\t\t\t\t\t\t\t\t\t\t\t\t\t\t\t\t\t\n\t\t\t\t\t\t\t\t\t\t\t\t\t\t\t\t\t\t\t\t\t\tMob. <a href=\"tel:+3725030137\">+372 50 30174<\/a><br>\nTel. <a href=\"tel:+3726553355\">+372 655 3355<\/a><br>\nE-post: <a href=\"mailto:tauno@elektrowerk.ee\">tauno@elektrowerk.ee<\/a><\/p>                                                                                    <\/div>\n\n\t\t\t\t\t\t\t\t\t\t\t\t\t\t\t\t\t\t\t\t                                                                        <\/div>\n                                                                    <\/div>\n                                                                <\/div>\n\n\t\t\t\t\t\t\t\t\t\t\t\t\t\t\t\n\n                                                                <div class=\"col-contact-info col-md-6 col-lg-4\">\n                                                                    <div class=\"row\">\n                                                                        <h3 class=\"col-sm-3 col-md-4\">    <\/h3>\n                                                                        <div\n                                                                                class=\"col-right col-sm-8 col-md-7 col-sm-offset-1 col-md-offset-1\">\n\n\t\t\t\t\t\t\t\t\t\t\t\t\t\t\t\t\t\t\t\n                                                                                    <div\n                                                                                            class=\"contact-info-row col-sm-6 col-md-12\">\n\n\t\t\t\t\t\t\t\t\t\t\t\t\t\t\t\t\t\t\t\t\t\t\n\t\t\t\t\t\t\t\t\t\t\t\t\t\t\t\t\t\t\t\t\t\t                                                                                    <\/div>\n\n\t\t\t\t\t\t\t\t\t\t\t\t\t\t\t\t\t\t\t\t                                                                        <\/div>\n                                                                    <\/div>\n                                                                <\/div>\n\n\t\t\t\t\t\t\t\t\t\t\t\t\t\t\t\n                                                    <\/div>\n\n                                                <\/div>\n\t\t\t\t\t\t\t\t\t\t\t\n                                        <\/div>\n                                    <\/div>\n                                <\/div>\n                            <\/div>\n                        <\/div>\n                    <\/div>\n                <\/div>\n            <\/div>\n        <\/div>\n    <\/div>\n\n\t[\/vc_column][\/vc_row]<\/p>\n<\/div>","protected":false},"excerpt":{"rendered":"<p>[\/vc_row]<\/p>\n","protected":false},"author":1,"featured_media":0,"parent":0,"menu_order":0,"comment_status":"closed","ping_status":"closed","template":"template-fullpage.php","meta":{"footnotes":""},"class_list":["post-1166","page","type-page","status-publish","hentry"],"yoast_head":"<!-- This site is optimized with the Yoast SEO plugin v27.4 - https:\/\/yoast.com\/product\/yoast-seo-wordpress\/ -->\n<title>\u0414\u043e\u043c\u0430\u0448\u043d\u044f\u044f \u0441\u0442\u0440\u0430\u043d\u0438\u0446\u0430 - Ehitus ja automaatika | Elektrowerk O\u00dc<\/title>\n<meta name=\"description\" content=\"Eramute ehitust\u00f6\u00f6d vundamendist kuni v\u00f5tmed k\u00e4tte. Pakume konsultatsiooni, automaatikat, elektrit\u00f6id ja toetame arhidekte valgustite planeerimisega.\" \/>\n<meta name=\"robots\" content=\"index, follow, max-snippet:-1, max-image-preview:large, max-video-preview:-1\" \/>\n<link rel=\"canonical\" href=\"https:\/\/elektrowerk.ee\/ru\/\" \/>\n<meta property=\"og:locale\" content=\"ru_RU\" \/>\n<meta property=\"og:type\" content=\"article\" \/>\n<meta property=\"og:title\" content=\"\u0414\u043e\u043c\u0430\u0448\u043d\u044f\u044f \u0441\u0442\u0440\u0430\u043d\u0438\u0446\u0430 - Ehitus ja automaatika | Elektrowerk O\u00dc\" \/>\n<meta property=\"og:description\" content=\"Eramute ehitust\u00f6\u00f6d vundamendist kuni v\u00f5tmed k\u00e4tte. Pakume konsultatsiooni, automaatikat, elektrit\u00f6id ja toetame arhidekte valgustite planeerimisega.\" \/>\n<meta property=\"og:url\" content=\"https:\/\/elektrowerk.ee\/ru\/\" \/>\n<meta property=\"og:site_name\" content=\"Ehitus ja automaatika | Elektrowerk O\u00dc\" \/>\n<meta property=\"article:modified_time\" content=\"2025-09-08T13:55:50+00:00\" \/>\n<meta name=\"twitter:card\" content=\"summary_large_image\" \/>\n<meta name=\"twitter:label1\" content=\"\u041f\u0440\u0438\u043c\u0435\u0440\u043d\u043e\u0435 \u0432\u0440\u0435\u043c\u044f \u0434\u043b\u044f \u0447\u0442\u0435\u043d\u0438\u044f\" \/>\n\t<meta name=\"twitter:data1\" content=\"1 \u043c\u0438\u043d\u0443\u0442\u0430\" \/>\n<script type=\"application\/ld+json\" class=\"yoast-schema-graph\">{\"@context\":\"https:\\\/\\\/schema.org\",\"@graph\":[{\"@type\":\"WebPage\",\"@id\":\"https:\\\/\\\/elektrowerk.ee\\\/ru\\\/\",\"url\":\"https:\\\/\\\/elektrowerk.ee\\\/ru\\\/\",\"name\":\"\u0414\u043e\u043c\u0430\u0448\u043d\u044f\u044f \u0441\u0442\u0440\u0430\u043d\u0438\u0446\u0430 - Ehitus ja automaatika | Elektrowerk O\u00dc\",\"isPartOf\":{\"@id\":\"https:\\\/\\\/elektrowerk.ee\\\/#website\"},\"datePublished\":\"2017-04-13T18:44:56+00:00\",\"dateModified\":\"2025-09-08T13:55:50+00:00\",\"description\":\"Eramute ehitust\u00f6\u00f6d vundamendist kuni v\u00f5tmed k\u00e4tte. Pakume konsultatsiooni, automaatikat, elektrit\u00f6id ja toetame arhidekte valgustite planeerimisega.\",\"breadcrumb\":{\"@id\":\"https:\\\/\\\/elektrowerk.ee\\\/ru\\\/#breadcrumb\"},\"inLanguage\":\"ru-RU\",\"potentialAction\":[{\"@type\":\"ReadAction\",\"target\":[\"https:\\\/\\\/elektrowerk.ee\\\/ru\\\/\"]}]},{\"@type\":\"BreadcrumbList\",\"@id\":\"https:\\\/\\\/elektrowerk.ee\\\/ru\\\/#breadcrumb\",\"itemListElement\":[{\"@type\":\"ListItem\",\"position\":1,\"name\":\"Home\",\"item\":\"https:\\\/\\\/elektrowerk.ee\\\/ru\\\/\"},{\"@type\":\"ListItem\",\"position\":2,\"name\":\"\u0414\u043e\u043c\u0430\u0448\u043d\u044f\u044f \u0441\u0442\u0440\u0430\u043d\u0438\u0446\u0430\"}]},{\"@type\":\"WebSite\",\"@id\":\"https:\\\/\\\/elektrowerk.ee\\\/#website\",\"url\":\"https:\\\/\\\/elektrowerk.ee\\\/\",\"name\":\"Ehitus ja automaatika | Elektrowerk O\u00dc\",\"description\":\"\",\"potentialAction\":[{\"@type\":\"SearchAction\",\"target\":{\"@type\":\"EntryPoint\",\"urlTemplate\":\"https:\\\/\\\/elektrowerk.ee\\\/?s={search_term_string}\"},\"query-input\":{\"@type\":\"PropertyValueSpecification\",\"valueRequired\":true,\"valueName\":\"search_term_string\"}}],\"inLanguage\":\"ru-RU\"}]}<\/script>\n<!-- \/ Yoast SEO plugin. -->","yoast_head_json":{"title":"\u0414\u043e\u043c\u0430\u0448\u043d\u044f\u044f \u0441\u0442\u0440\u0430\u043d\u0438\u0446\u0430 - Ehitus ja automaatika | Elektrowerk O\u00dc","description":"Eramute ehitust\u00f6\u00f6d vundamendist kuni v\u00f5tmed k\u00e4tte. Pakume konsultatsiooni, automaatikat, elektrit\u00f6id ja toetame arhidekte valgustite planeerimisega.","robots":{"index":"index","follow":"follow","max-snippet":"max-snippet:-1","max-image-preview":"max-image-preview:large","max-video-preview":"max-video-preview:-1"},"canonical":"https:\/\/elektrowerk.ee\/ru\/","og_locale":"ru_RU","og_type":"article","og_title":"\u0414\u043e\u043c\u0430\u0448\u043d\u044f\u044f \u0441\u0442\u0440\u0430\u043d\u0438\u0446\u0430 - Ehitus ja automaatika | Elektrowerk O\u00dc","og_description":"Eramute ehitust\u00f6\u00f6d vundamendist kuni v\u00f5tmed k\u00e4tte. Pakume konsultatsiooni, automaatikat, elektrit\u00f6id ja toetame arhidekte valgustite planeerimisega.","og_url":"https:\/\/elektrowerk.ee\/ru\/","og_site_name":"Ehitus ja automaatika | Elektrowerk O\u00dc","article_modified_time":"2025-09-08T13:55:50+00:00","twitter_card":"summary_large_image","twitter_misc":{"\u041f\u0440\u0438\u043c\u0435\u0440\u043d\u043e\u0435 \u0432\u0440\u0435\u043c\u044f \u0434\u043b\u044f \u0447\u0442\u0435\u043d\u0438\u044f":"1 \u043c\u0438\u043d\u0443\u0442\u0430"},"schema":{"@context":"https:\/\/schema.org","@graph":[{"@type":"WebPage","@id":"https:\/\/elektrowerk.ee\/ru\/","url":"https:\/\/elektrowerk.ee\/ru\/","name":"\u0414\u043e\u043c\u0430\u0448\u043d\u044f\u044f \u0441\u0442\u0440\u0430\u043d\u0438\u0446\u0430 - Ehitus ja automaatika | Elektrowerk O\u00dc","isPartOf":{"@id":"https:\/\/elektrowerk.ee\/#website"},"datePublished":"2017-04-13T18:44:56+00:00","dateModified":"2025-09-08T13:55:50+00:00","description":"Eramute ehitust\u00f6\u00f6d vundamendist kuni v\u00f5tmed k\u00e4tte. Pakume konsultatsiooni, automaatikat, elektrit\u00f6id ja toetame arhidekte valgustite planeerimisega.","breadcrumb":{"@id":"https:\/\/elektrowerk.ee\/ru\/#breadcrumb"},"inLanguage":"ru-RU","potentialAction":[{"@type":"ReadAction","target":["https:\/\/elektrowerk.ee\/ru\/"]}]},{"@type":"BreadcrumbList","@id":"https:\/\/elektrowerk.ee\/ru\/#breadcrumb","itemListElement":[{"@type":"ListItem","position":1,"name":"Home","item":"https:\/\/elektrowerk.ee\/ru\/"},{"@type":"ListItem","position":2,"name":"\u0414\u043e\u043c\u0430\u0448\u043d\u044f\u044f \u0441\u0442\u0440\u0430\u043d\u0438\u0446\u0430"}]},{"@type":"WebSite","@id":"https:\/\/elektrowerk.ee\/#website","url":"https:\/\/elektrowerk.ee\/","name":"Ehitus ja automaatika | Elektrowerk O\u00dc","description":"","potentialAction":[{"@type":"SearchAction","target":{"@type":"EntryPoint","urlTemplate":"https:\/\/elektrowerk.ee\/?s={search_term_string}"},"query-input":{"@type":"PropertyValueSpecification","valueRequired":true,"valueName":"search_term_string"}}],"inLanguage":"ru-RU"}]}},"_links":{"self":[{"href":"https:\/\/elektrowerk.ee\/ru\/wp-json\/wp\/v2\/pages\/1166","targetHints":{"allow":["GET"]}}],"collection":[{"href":"https:\/\/elektrowerk.ee\/ru\/wp-json\/wp\/v2\/pages"}],"about":[{"href":"https:\/\/elektrowerk.ee\/ru\/wp-json\/wp\/v2\/types\/page"}],"author":[{"embeddable":true,"href":"https:\/\/elektrowerk.ee\/ru\/wp-json\/wp\/v2\/users\/1"}],"replies":[{"embeddable":true,"href":"https:\/\/elektrowerk.ee\/ru\/wp-json\/wp\/v2\/comments?post=1166"}],"version-history":[{"count":5,"href":"https:\/\/elektrowerk.ee\/ru\/wp-json\/wp\/v2\/pages\/1166\/revisions"}],"predecessor-version":[{"id":1653,"href":"https:\/\/elektrowerk.ee\/ru\/wp-json\/wp\/v2\/pages\/1166\/revisions\/1653"}],"wp:attachment":[{"href":"https:\/\/elektrowerk.ee\/ru\/wp-json\/wp\/v2\/media?parent=1166"}],"curies":[{"name":"wp","href":"https:\/\/api.w.org\/{rel}","templated":true}]}}