{"id":1142,"date":"2019-12-02T07:18:42","date_gmt":"2019-12-02T07:18:42","guid":{"rendered":"https:\/\/elektrowerk.ee\/automaatika\/"},"modified":"2021-04-26T11:33:54","modified_gmt":"2021-04-26T09:33:54","slug":"automaatika","status":"publish","type":"page","link":"https:\/\/elektrowerk.ee\/ru\/automaatika\/","title":{"rendered":"\u0410\u0432\u0442\u043e\u043c\u0430\u0442\u0438\u043a\u0430"},"content":{"rendered":"<div class=\"wpb-content-wrapper\"><p>[vc_row][vc_column]\n    <div\n            class=\"pp-scrollable text-white section section-1   \"  >\n        <div class=\"scroll-wrap\">\n\n\t\t\t                <div class=\"section-bg\" style=\"background-image:url(https:\/\/elektrowerk.ee\/wp-content\/uploads\/2020\/02\/automaatika.jpg);\"><\/div>\n\t\t\t\t\n            <div class=\"scrollable-content\">\n                <div class=\"vertical-centred\">\n                    <div class=\"boxed boxed-inner\">\n                        <div\n                                class=\"vertical-title hidden-xs hidden-sm\"><span>\u0410\u0412\u0422\u041e\u041c\u0410\u0422\u0418\u041a\u0410<\/span><\/div>\n                        <div class=\"boxed\">\n                            <div class=\"container\">\n                                <div class=\"intro\">\n                                    <div class=\"row\">\n                                        <div class=\"col-md-8 col-lg-6\">\n                                            <p class=\"subtitle-top\">\u0410\u0412\u0422\u041e\u041c\u0410\u0422\u0418\u041a\u0410 (KNX, Dali)<\/p>\n                                            <h1 class=\"display-2 text-white\"><p>\u0414\u043e\u043c\u0430\u0448\u043d\u044f\u044f \u0430\u0432\u0442\u043e\u043c\u0430\u0442\u0438\u0437\u0430\u0446\u0438\u044f &#8212; \u044d\u0442\u043e \u0441\u0438\u0441\u0442\u0435\u043c\u0430 \u043a\u043e\u043d\u0442\u0440\u043e\u043b\u044f \u0437\u0430\u0442\u0440\u0430\u0442 \u043d\u0430 \u043a\u043e\u043c\u0444\u043e\u0440\u0442, \u0431\u0435\u0437\u043e\u043f\u0430\u0441\u043d\u043e\u0441\u0442\u044c \u0438 \u044d\u043a\u0441\u043f\u043b\u0443\u0430\u0442\u0430\u0446\u0438\u044e \u0434\u043e\u043c\u0430. \u0412\u043e\u0437\u043c\u043e\u0436\u043d\u043e\u0441\u0442\u044c \u0443\u043f\u0440\u0430\u0432\u043b\u044f\u0442\u044c \u0434\u043e\u043c\u043e\u043c \u0441 \u043f\u043b\u0430\u043d\u0448\u0435\u0442\u0430, \u0441\u043c\u0430\u0440\u0442\u0444\u043e\u043d\u0430 \u0438\u043b\u0438 \u043a\u043e\u043c\u043f\u044c\u044e\u0442\u0435\u0440\u0430, \u0438 \u044d\u0442\u0430 \u0432\u043e\u0437\u043c\u043e\u0436\u043d\u043e\u0441\u0442\u044c \u0438\u0437 \u043b\u044e\u0431\u043e\u0439 \u0442\u043e\u0447\u043a\u0438 \u043c\u0438\u0440\u0430. \u041f\u0440\u043e\u0441\u0442\u043e\u0435 \u0443\u043f\u0440\u0430\u0432\u043b\u0435\u043d\u0438\u0435 \u0438 \u043a\u043e\u043d\u0442\u0440\u043e\u043b\u044c \u0432\u0441\u0435\u0445 \u0441\u0438\u0441\u0442\u0435\u043c \u0432 \u0434\u043e\u043c\u0435 \u043f\u0440\u0438\u043d\u0435\u0441\u0443\u0442 \u0432\u0430\u043c \u043a\u043e\u043c\u0444\u043e\u0440\u0442 \u0438 \u0443\u0434\u043e\u0432\u043b\u0435\u0442\u0432\u043e\u0440\u0435\u043d\u0438\u0435. \u041e\u0441\u0432\u0435\u0449\u0435\u043d\u0438\u0435 \u0438 \u043a\u043b\u0438\u043c\u0430\u0442-\u043a\u043e\u043d\u0442\u0440\u043e\u043b\u044c \u0434\u0435\u043b\u0430\u044e\u0442 \u0440\u0435\u0437\u0438\u0434\u0435\u043d\u0446\u0438\u044e \u043c\u0430\u043a\u0441\u0438\u043c\u0430\u043b\u044c\u043d\u043e \u044d\u0440\u0433\u043e\u043d\u043e\u043c\u0438\u0447\u043d\u043e\u0439 \u0438 \u044d\u043a\u043e\u043d\u043e\u043c\u0438\u0447\u043d\u043e\u0439. \u0421\u0438\u0441\u0442\u0435\u043c\u0430 \u043d\u0435\u043c\u0435\u0434\u043b\u0435\u043d\u043d\u043e \u0443\u0432\u0435\u0434\u043e\u043c\u0438\u0442 \u0432\u0430\u0441 \u043e \u043b\u044e\u0431\u044b\u0445 \u0438\u0437\u043c\u0435\u043d\u0435\u043d\u0438\u044f\u0445.<\/p>\n<\/h1>\n                                            <div class=\"hr-bottom\"><\/div>\n                                        <\/div>\n                                    <\/div>\n                                <\/div>\n                            <\/div>\n                        <\/div>\n                    <\/div>\n                <\/div>\n            <\/div>\n        <\/div>\n    <\/div>\n\n\t\n    <div\n            class=\"pp-scrollable text-white section section-1   \"  >\n        <div class=\"scroll-wrap\">\n\n\t\t\t                <div class=\"section-bg\" style=\"background-image:url(https:\/\/elektrowerk.ee\/wp-content\/uploads\/2020\/02\/automaatika2.jpg);\"><\/div>\n\t\t\t\t\n            <div class=\"scrollable-content\">\n                <div class=\"vertical-centred\">\n                    <div class=\"boxed boxed-inner\">\n                        <div\n                                class=\"vertical-title hidden-xs hidden-sm\"><span>\u0410\u0412\u0422\u041e\u041c\u0410\u0422\u0418\u041a\u0410<\/span><\/div>\n                        <div class=\"boxed\">\n                            <div class=\"container\">\n                                <div class=\"intro\">\n                                    <div class=\"row\">\n                                        <div class=\"col-md-8 col-lg-6\">\n                                            <p class=\"subtitle-top\"><\/p>\n                                            <h1 class=\"display-2 text-white\"><p>\u041f\u0440\u0438 \u0436\u0435\u043b\u0430\u043d\u0438\u0438 \u043c\u043e\u0436\u043d\u043e \u043f\u043e\u043b\u0443\u0447\u0438\u0442\u044c \u0431\u044b\u0441\u0442\u0440\u044b\u0439 \u043e\u0431\u0437\u043e\u0440 \u0442\u0435\u043a\u0443\u0449\u0435\u0433\u043e \u0441\u043e\u0441\u0442\u043e\u044f\u043d\u0438\u044f \u0441\u0438\u0441\u0442\u0435\u043c \u043e\u0442\u043e\u043f\u043b\u0435\u043d\u0438\u044f \u0438 \u0432\u0435\u043d\u0442\u0438\u043b\u044f\u0446\u0438\u0438 \u0434\u043e\u043c\u0430. \u0411\u043b\u0430\u0433\u043e\u0434\u0430\u0440\u044f \u0430\u0432\u0442\u043e\u043c\u0430\u0442\u0438\u0437\u0430\u0446\u0438\u0438 \u0431\u043b\u043e\u043a \u0443\u043f\u0440\u0430\u0432\u043b\u0435\u043d\u0438\u044f \u0432\u0430\u0448\u0438\u043c \u0434\u043e\u043c\u043e\u043c \u043d\u0430\u0441\u0442\u0440\u0430\u0438\u0432\u0430\u0435\u0442\u0441\u044f \u0432 \u0441\u043e\u043e\u0442\u0432\u0435\u0442\u0441\u0442\u0432\u0438\u0438 \u0441 \u0432\u0430\u0448\u0438\u043c\u0438 \u043f\u043e\u0436\u0435\u043b\u0430\u043d\u0438\u044f\u043c\u0438, \u043a\u043e\u0442\u043e\u0440\u044b\u0435 \u0432\u043f\u043e\u0441\u043b\u0435\u0434\u0441\u0442\u0432\u0438\u0438 \u043c\u043e\u0436\u043d\u043e \u0431\u044b\u0441\u0442\u0440\u043e \u0438\u0437\u043c\u0435\u043d\u0438\u0442\u044c \u0441 \u043f\u043e\u043c\u043e\u0449\u044c\u044e \u0441\u043c\u0430\u0440\u0442-\u0443\u0441\u0442\u0440\u043e\u0439\u0441\u0442\u0432\u0430. \u0412\u044b \u0442\u0430\u043a\u0436\u0435 \u043c\u043e\u0436\u0435\u0442\u0435 \u043d\u0430\u0441\u0442\u0440\u043e\u0438\u0442\u044c \u043f\u0430\u0440\u0430\u043c\u0435\u0442\u0440\u044b \u0443\u0434\u0430\u043b\u0435\u043d\u043d\u043e\u0433\u043e \u0440\u0435\u0436\u0438\u043c\u0430, \u0441\u043d\u0438\u0436\u0430\u044e\u0449\u0438\u0435 \u0437\u0430\u0442\u0440\u0430\u0442\u044b.<\/p>\n<p>\u0421\u0438\u0441\u0442\u0435\u043c\u0430 \u0443\u043c\u043d\u043e\u0433\u043e \u0434\u043e\u043c\u0430 \u043c\u043e\u0436\u0435\u0442 \u0438\u043d\u0442\u0435\u0433\u0440\u0438\u0440\u043e\u0432\u0430\u0442\u044c \u043d\u0435\u043e\u0433\u0440\u0430\u043d\u0438\u0447\u0435\u043d\u043d\u043e\u0435 \u043a\u043e\u043b\u0438\u0447\u0435\u0441\u0442\u0432\u043e \u0440\u0430\u0437\u043b\u0438\u0447\u043d\u044b\u0445 \u043f\u0440\u0438\u043b\u043e\u0436\u0435\u043d\u0438\u0439, \u0438 \u0432\u0430\u0448 \u0434\u043e\u043c \u043e\u0442\u0432\u0435\u0447\u0430\u0435\u0442 \u0432\u0441\u0435\u043c \u0441\u043e\u0432\u0440\u0435\u043c\u0435\u043d\u043d\u044b\u043c \u0442\u0440\u0435\u0431\u043e\u0432\u0430\u043d\u0438\u044f\u043c \u043a\u043e\u043c\u0444\u043e\u0440\u0442\u0430 \u0438 \u0431\u0435\u0437\u043e\u043f\u0430\u0441\u043d\u043e\u0441\u0442\u0438.<\/p>\n<\/h1>\n                                            <div class=\"hr-bottom\"><\/div>\n                                        <\/div>\n                                    <\/div>\n                                <\/div>\n                            <\/div>\n                        <\/div>\n                    <\/div>\n                <\/div>\n            <\/div>\n        <\/div>\n    <\/div>\n\n\t\n    <div\n            class=\"pp-scrollable text-white section section-1   \"  >\n        <div class=\"scroll-wrap\">\n\n\t\t\t                <div class=\"section-bg\" style=\"background-image:url(https:\/\/elektrowerk.ee\/wp-content\/uploads\/2020\/02\/automaatika3.jpg);\"><\/div>\n\t\t\t\t\n            <div class=\"scrollable-content\">\n                <div class=\"vertical-centred\">\n                    <div class=\"boxed boxed-inner\">\n                        <div\n                                class=\"vertical-title hidden-xs hidden-sm\"><span>\u0410\u0412\u0422\u041e\u041c\u0410\u0422\u0418\u041a\u0410<\/span><\/div>\n                        <div class=\"boxed\">\n                            <div class=\"container\">\n                                <div class=\"intro\">\n                                    <div class=\"row\">\n                                        <div class=\"col-md-8 col-lg-6\">\n                                            <p class=\"subtitle-top\"><\/p>\n                                            <h1 class=\"display-2 text-white\"><p>1. \u0420\u0430\u0437\u043b\u0438\u0447\u043d\u043e\u0435 \u044d\u043b\u0435\u043a\u0442\u0440\u0438\u0447\u0435\u0441\u043a\u043e\u0435 \u043e\u0431\u043e\u0440\u0443\u0434\u043e\u0432\u0430\u043d\u0438\u0435 \u0438 \u0441\u0438\u0441\u0442\u0435\u043c\u044b.<br \/>\n2. \u041e\u0441\u0432\u0435\u0449\u0435\u043d\u0438\u0435<br \/>\n3. \u0418\u0441\u043f\u043e\u043b\u044c\u0437\u043e\u0432\u0430\u043d\u0438\u0435 \u044d\u043b\u0435\u043a\u0442\u0440\u043e\u044d\u043d\u0435\u0440\u0433\u0438\u0438<br \/>\n4. \u0417\u0432\u0443\u043a \u0438 \u0442\u0435\u043b\u0435\u0432\u0438\u0434\u0435\u043d\u0438\u0435<br \/>\n5. \u041e\u0442\u043e\u043f\u043b\u0435\u043d\u0438\u0435 \u0438 \u0432\u0435\u043d\u0442\u0438\u043b\u044f\u0446\u0438\u044f.<br \/>\n6. \u0412\u043e\u0434\u043e\u0441\u043d\u0430\u0431\u0436\u0435\u043d\u0438\u0435 \u0438 \u0440\u0435\u0433\u0443\u043b\u0438\u0440\u043e\u0432\u0430\u043d\u0438\u0435 \u0440\u0430\u0441\u0445\u043e\u0434\u0430 \u0432\u043e\u0434\u044b.<br \/>\n7. \u041f\u043e\u0436\u0430\u0440\u043d\u0430\u044f \u0438 \u0441\u0438\u0433\u043d\u0430\u043b\u0438\u0437\u0430\u0446\u0438\u044f.<br \/>\n8. \u0421\u0438\u0441\u0442\u0435\u043c\u044b \u0432\u043e\u0434\u043e\u0441\u043d\u0430\u0431\u0436\u0435\u043d\u0438\u044f \u0438 \u043b\u0435\u0441\u0442\u043d\u0438\u0447\u043d\u043e\u0433\u043e \u043e\u0442\u043e\u043f\u043b\u0435\u043d\u0438\u044f.<br \/>\n9. \u041e\u043a\u043e\u043d\u043d\u044b\u0435 \u0436\u0430\u043b\u044e\u0437\u0438.<br \/>\n10. \u0421\u0438\u0441\u0442\u0435\u043c\u0430 \u043e\u0440\u043e\u0448\u0435\u043d\u0438\u044f \u0440\u0430\u0441\u0442\u0435\u043d\u0438\u0439.<br \/>\n\u0421\u0438\u0441\u0442\u0435\u043c\u0443 \u0442\u0430\u043a\u0436\u0435 \u043c\u043e\u0436\u043d\u043e \u0438\u0441\u043f\u043e\u043b\u044c\u0437\u043e\u0432\u0430\u0442\u044c \u0434\u043b\u044f \u043d\u0435\u0431\u043e\u043b\u044c\u0448\u0438\u0445 \u043f\u0440\u043e\u0438\u0437\u0432\u043e\u0434\u0441\u0442\u0432\u0435\u043d\u043d\u044b\u0445 \u0438 \u0442\u043e\u0440\u0433\u043e\u0432\u044b\u0445 \u043f\u043e\u043c\u0435\u0449\u0435\u043d\u0438\u0439.<\/p>\n<\/h1>\n                                            <div class=\"hr-bottom\"><\/div>\n                                        <\/div>\n                                    <\/div>\n                                <\/div>\n                            <\/div>\n                        <\/div>\n                    <\/div>\n                <\/div>\n            <\/div>\n        <\/div>\n    <\/div>\n\n\t\n    <div\n            class=\"pp-scrollable text-white section section-1   \"  >\n        <div class=\"scroll-wrap\">\n\n\t\t\t                <div class=\"section-bg\" style=\"background-image:url(https:\/\/elektrowerk.ee\/wp-content\/uploads\/2020\/02\/automaatika3.jpg);\"><\/div>\n\t\t\t\t\n            <div class=\"scrollable-content\">\n                <div class=\"vertical-centred\">\n                    <div class=\"boxed boxed-inner\">\n                        <div\n                                class=\"vertical-title hidden-xs hidden-sm\"><span>\u0410\u0412\u0422\u041e\u041c\u0410\u0422\u0418\u041a\u0410<\/span><\/div>\n                        <div class=\"boxed\">\n                            <div class=\"container\">\n                                <div class=\"intro\">\n                                    <div class=\"row\">\n                                        <div class=\"col-md-8 col-lg-6\">\n                                            <p class=\"subtitle-top\"><\/p>\n                                            <h1 class=\"display-2 text-white\"><p><img loading=\"lazy\" decoding=\"async\" class=\"size-medium wp-image-1396 aligncenter\" src=\"https:\/\/elektrowerk.ee\/wp-content\/uploads\/2021\/04\/partner-300x142.jpg\" alt=\"\" width=\"300\" height=\"142\" srcset=\"https:\/\/elektrowerk.ee\/wp-content\/uploads\/2021\/04\/partner-300x142.jpg 300w, https:\/\/elektrowerk.ee\/wp-content\/uploads\/2021\/04\/partner.jpg 700w\" sizes=\"auto, (max-width: 300px) 100vw, 300px\" \/><\/p>\n<p><a href=\"https:\/\/elektrowerk.ee\/wp-content\/uploads\/2021\/04\/certificate-course_type_basic-113699.pdf\"><img loading=\"lazy\" decoding=\"async\" class=\"size-medium wp-image-1399 aligncenter\" src=\"https:\/\/elektrowerk.ee\/wp-content\/uploads\/2021\/04\/cert-222x300.png\" alt=\"\" width=\"222\" height=\"300\" srcset=\"https:\/\/elektrowerk.ee\/wp-content\/uploads\/2021\/04\/cert-222x300.png 222w, https:\/\/elektrowerk.ee\/wp-content\/uploads\/2021\/04\/cert-425x573.png 425w, https:\/\/elektrowerk.ee\/wp-content\/uploads\/2021\/04\/cert.png 591w\" sizes=\"auto, (max-width: 222px) 100vw, 222px\" \/><\/a><\/p>\n<\/h1>\n                                            <div class=\"hr-bottom\"><\/div>\n                                        <\/div>\n                                    <\/div>\n                                <\/div>\n                            <\/div>\n                        <\/div>\n                    <\/div>\n                <\/div>\n            <\/div>\n        <\/div>\n    <\/div>\n\n\t[\/vc_column][\/vc_row]<\/p>\n<\/div>","protected":false},"excerpt":{"rendered":"<p>[\/vc_row]<\/p>\n","protected":false},"author":1,"featured_media":0,"parent":0,"menu_order":0,"comment_status":"closed","ping_status":"closed","template":"template-fullpage.php","meta":{"footnotes":""},"class_list":["post-1142","page","type-page","status-publish","hentry"],"yoast_head":"<!-- This site is optimized with the Yoast SEO plugin v27.4 - https:\/\/yoast.com\/product\/yoast-seo-wordpress\/ -->\n<title>\u0410\u0432\u0442\u043e\u043c\u0430\u0442\u0438\u043a\u0430 - Ehitus ja automaatika | Elektrowerk O\u00dc<\/title>\n<meta name=\"description\" content=\"Automaatika kodule \u2013 see on mugavuse, ohutuse ja kodu ekspluatatsiooni v\u00e4ljaminekute kontrolls\u00fcsteem. S\u00fcsteem teavitab Teid v\u00f5imalikest muutustest hetkega.\" \/>\n<meta name=\"robots\" content=\"index, follow, max-snippet:-1, max-image-preview:large, max-video-preview:-1\" \/>\n<link rel=\"canonical\" href=\"https:\/\/elektrowerk.ee\/ru\/automaatika\/\" \/>\n<meta property=\"og:locale\" content=\"ru_RU\" \/>\n<meta property=\"og:type\" content=\"article\" \/>\n<meta property=\"og:title\" content=\"\u0410\u0432\u0442\u043e\u043c\u0430\u0442\u0438\u043a\u0430 - Ehitus ja automaatika | Elektrowerk O\u00dc\" \/>\n<meta property=\"og:description\" content=\"Automaatika kodule \u2013 see on mugavuse, ohutuse ja kodu ekspluatatsiooni v\u00e4ljaminekute kontrolls\u00fcsteem. S\u00fcsteem teavitab Teid v\u00f5imalikest muutustest hetkega.\" \/>\n<meta property=\"og:url\" content=\"https:\/\/elektrowerk.ee\/ru\/automaatika\/\" \/>\n<meta property=\"og:site_name\" content=\"Ehitus ja automaatika | Elektrowerk O\u00dc\" \/>\n<meta property=\"article:modified_time\" content=\"2021-04-26T09:33:54+00:00\" \/>\n<meta property=\"og:image\" content=\"https:\/\/elektrowerk.ee\/wp-content\/uploads\/2021\/04\/partner-300x142.jpg\" \/>\n<meta name=\"twitter:card\" content=\"summary_large_image\" \/>\n<script type=\"application\/ld+json\" class=\"yoast-schema-graph\">{\"@context\":\"https:\\\/\\\/schema.org\",\"@graph\":[{\"@type\":\"WebPage\",\"@id\":\"https:\\\/\\\/elektrowerk.ee\\\/ru\\\/automaatika\\\/\",\"url\":\"https:\\\/\\\/elektrowerk.ee\\\/ru\\\/automaatika\\\/\",\"name\":\"\u0410\u0432\u0442\u043e\u043c\u0430\u0442\u0438\u043a\u0430 - Ehitus ja automaatika | Elektrowerk O\u00dc\",\"isPartOf\":{\"@id\":\"https:\\\/\\\/elektrowerk.ee\\\/#website\"},\"primaryImageOfPage\":{\"@id\":\"https:\\\/\\\/elektrowerk.ee\\\/ru\\\/automaatika\\\/#primaryimage\"},\"image\":{\"@id\":\"https:\\\/\\\/elektrowerk.ee\\\/ru\\\/automaatika\\\/#primaryimage\"},\"thumbnailUrl\":\"https:\\\/\\\/elektrowerk.ee\\\/wp-content\\\/uploads\\\/2021\\\/04\\\/partner-300x142.jpg\",\"datePublished\":\"2019-12-02T07:18:42+00:00\",\"dateModified\":\"2021-04-26T09:33:54+00:00\",\"description\":\"Automaatika kodule \u2013 see on mugavuse, ohutuse ja kodu ekspluatatsiooni v\u00e4ljaminekute kontrolls\u00fcsteem. S\u00fcsteem teavitab Teid v\u00f5imalikest muutustest hetkega.\",\"breadcrumb\":{\"@id\":\"https:\\\/\\\/elektrowerk.ee\\\/ru\\\/automaatika\\\/#breadcrumb\"},\"inLanguage\":\"ru-RU\",\"potentialAction\":[{\"@type\":\"ReadAction\",\"target\":[\"https:\\\/\\\/elektrowerk.ee\\\/ru\\\/automaatika\\\/\"]}]},{\"@type\":\"ImageObject\",\"inLanguage\":\"ru-RU\",\"@id\":\"https:\\\/\\\/elektrowerk.ee\\\/ru\\\/automaatika\\\/#primaryimage\",\"url\":\"https:\\\/\\\/elektrowerk.ee\\\/wp-content\\\/uploads\\\/2021\\\/04\\\/partner-300x142.jpg\",\"contentUrl\":\"https:\\\/\\\/elektrowerk.ee\\\/wp-content\\\/uploads\\\/2021\\\/04\\\/partner-300x142.jpg\"},{\"@type\":\"BreadcrumbList\",\"@id\":\"https:\\\/\\\/elektrowerk.ee\\\/ru\\\/automaatika\\\/#breadcrumb\",\"itemListElement\":[{\"@type\":\"ListItem\",\"position\":1,\"name\":\"Home\",\"item\":\"https:\\\/\\\/elektrowerk.ee\\\/ru\\\/\"},{\"@type\":\"ListItem\",\"position\":2,\"name\":\"\u0410\u0432\u0442\u043e\u043c\u0430\u0442\u0438\u043a\u0430\"}]},{\"@type\":\"WebSite\",\"@id\":\"https:\\\/\\\/elektrowerk.ee\\\/#website\",\"url\":\"https:\\\/\\\/elektrowerk.ee\\\/\",\"name\":\"Ehitus ja automaatika | Elektrowerk O\u00dc\",\"description\":\"\",\"potentialAction\":[{\"@type\":\"SearchAction\",\"target\":{\"@type\":\"EntryPoint\",\"urlTemplate\":\"https:\\\/\\\/elektrowerk.ee\\\/?s={search_term_string}\"},\"query-input\":{\"@type\":\"PropertyValueSpecification\",\"valueRequired\":true,\"valueName\":\"search_term_string\"}}],\"inLanguage\":\"ru-RU\"}]}<\/script>\n<!-- \/ Yoast SEO plugin. -->","yoast_head_json":{"title":"\u0410\u0432\u0442\u043e\u043c\u0430\u0442\u0438\u043a\u0430 - Ehitus ja automaatika | Elektrowerk O\u00dc","description":"Automaatika kodule \u2013 see on mugavuse, ohutuse ja kodu ekspluatatsiooni v\u00e4ljaminekute kontrolls\u00fcsteem. S\u00fcsteem teavitab Teid v\u00f5imalikest muutustest hetkega.","robots":{"index":"index","follow":"follow","max-snippet":"max-snippet:-1","max-image-preview":"max-image-preview:large","max-video-preview":"max-video-preview:-1"},"canonical":"https:\/\/elektrowerk.ee\/ru\/automaatika\/","og_locale":"ru_RU","og_type":"article","og_title":"\u0410\u0432\u0442\u043e\u043c\u0430\u0442\u0438\u043a\u0430 - Ehitus ja automaatika | Elektrowerk O\u00dc","og_description":"Automaatika kodule \u2013 see on mugavuse, ohutuse ja kodu ekspluatatsiooni v\u00e4ljaminekute kontrolls\u00fcsteem. S\u00fcsteem teavitab Teid v\u00f5imalikest muutustest hetkega.","og_url":"https:\/\/elektrowerk.ee\/ru\/automaatika\/","og_site_name":"Ehitus ja automaatika | Elektrowerk O\u00dc","article_modified_time":"2021-04-26T09:33:54+00:00","og_image":[{"url":"https:\/\/elektrowerk.ee\/wp-content\/uploads\/2021\/04\/partner-300x142.jpg","type":"","width":"","height":""}],"twitter_card":"summary_large_image","schema":{"@context":"https:\/\/schema.org","@graph":[{"@type":"WebPage","@id":"https:\/\/elektrowerk.ee\/ru\/automaatika\/","url":"https:\/\/elektrowerk.ee\/ru\/automaatika\/","name":"\u0410\u0432\u0442\u043e\u043c\u0430\u0442\u0438\u043a\u0430 - Ehitus ja automaatika | Elektrowerk O\u00dc","isPartOf":{"@id":"https:\/\/elektrowerk.ee\/#website"},"primaryImageOfPage":{"@id":"https:\/\/elektrowerk.ee\/ru\/automaatika\/#primaryimage"},"image":{"@id":"https:\/\/elektrowerk.ee\/ru\/automaatika\/#primaryimage"},"thumbnailUrl":"https:\/\/elektrowerk.ee\/wp-content\/uploads\/2021\/04\/partner-300x142.jpg","datePublished":"2019-12-02T07:18:42+00:00","dateModified":"2021-04-26T09:33:54+00:00","description":"Automaatika kodule \u2013 see on mugavuse, ohutuse ja kodu ekspluatatsiooni v\u00e4ljaminekute kontrolls\u00fcsteem. S\u00fcsteem teavitab Teid v\u00f5imalikest muutustest hetkega.","breadcrumb":{"@id":"https:\/\/elektrowerk.ee\/ru\/automaatika\/#breadcrumb"},"inLanguage":"ru-RU","potentialAction":[{"@type":"ReadAction","target":["https:\/\/elektrowerk.ee\/ru\/automaatika\/"]}]},{"@type":"ImageObject","inLanguage":"ru-RU","@id":"https:\/\/elektrowerk.ee\/ru\/automaatika\/#primaryimage","url":"https:\/\/elektrowerk.ee\/wp-content\/uploads\/2021\/04\/partner-300x142.jpg","contentUrl":"https:\/\/elektrowerk.ee\/wp-content\/uploads\/2021\/04\/partner-300x142.jpg"},{"@type":"BreadcrumbList","@id":"https:\/\/elektrowerk.ee\/ru\/automaatika\/#breadcrumb","itemListElement":[{"@type":"ListItem","position":1,"name":"Home","item":"https:\/\/elektrowerk.ee\/ru\/"},{"@type":"ListItem","position":2,"name":"\u0410\u0432\u0442\u043e\u043c\u0430\u0442\u0438\u043a\u0430"}]},{"@type":"WebSite","@id":"https:\/\/elektrowerk.ee\/#website","url":"https:\/\/elektrowerk.ee\/","name":"Ehitus ja automaatika | Elektrowerk O\u00dc","description":"","potentialAction":[{"@type":"SearchAction","target":{"@type":"EntryPoint","urlTemplate":"https:\/\/elektrowerk.ee\/?s={search_term_string}"},"query-input":{"@type":"PropertyValueSpecification","valueRequired":true,"valueName":"search_term_string"}}],"inLanguage":"ru-RU"}]}},"_links":{"self":[{"href":"https:\/\/elektrowerk.ee\/ru\/wp-json\/wp\/v2\/pages\/1142","targetHints":{"allow":["GET"]}}],"collection":[{"href":"https:\/\/elektrowerk.ee\/ru\/wp-json\/wp\/v2\/pages"}],"about":[{"href":"https:\/\/elektrowerk.ee\/ru\/wp-json\/wp\/v2\/types\/page"}],"author":[{"embeddable":true,"href":"https:\/\/elektrowerk.ee\/ru\/wp-json\/wp\/v2\/users\/1"}],"replies":[{"embeddable":true,"href":"https:\/\/elektrowerk.ee\/ru\/wp-json\/wp\/v2\/comments?post=1142"}],"version-history":[{"count":4,"href":"https:\/\/elektrowerk.ee\/ru\/wp-json\/wp\/v2\/pages\/1142\/revisions"}],"predecessor-version":[{"id":1407,"href":"https:\/\/elektrowerk.ee\/ru\/wp-json\/wp\/v2\/pages\/1142\/revisions\/1407"}],"wp:attachment":[{"href":"https:\/\/elektrowerk.ee\/ru\/wp-json\/wp\/v2\/media?parent=1142"}],"curies":[{"name":"wp","href":"https:\/\/api.w.org\/{rel}","templated":true}]}}