{"id":1210,"date":"2017-04-19T07:58:39","date_gmt":"2017-04-19T07:58:39","guid":{"rendered":"https:\/\/elektrowerk.ee\/kontakt\/"},"modified":"2020-10-13T08:39:01","modified_gmt":"2020-10-13T06:39:01","slug":"contact","status":"publish","type":"page","link":"https:\/\/elektrowerk.ee\/en\/contact\/","title":{"rendered":"Contact"},"content":{"rendered":"<div class=\"wpb-content-wrapper\"><p>[vc_row][vc_column]\n\n    <div data-lat=\"\n\t59.41142078\"\n         data-lng=\"24.6748513\" id=\"map\" class=\"map\">\n\n\t\t            <div class=\"map-title\">\n\n                <div class=\"brand\" href=\"#\">\n\t\t\t\t\t                        <img decoding=\"async\" alt=\"\" src=\"https:\/\/elektrowerk.ee\/wp-content\/uploads\/2019\/10\/logo-elektrowerk.svg\">\n\n\t\t\t\t\t                    <div class=\"brand-info\">\n                        <div class=\"brand-name\"><\/div>\n                        <div class=\"brand-text\"><\/div>\n                    <\/div>\n                <\/div>\n            <\/div>\n            <p class=\"map-address\"><\/p>\n\t\t\t                    <div class=\"map-address-row\">\n\t\t\t\t\t\t                            <i class=\"fa fa-map-marker\"><\/i>\n\t\t\t\t\t\t\t\t\t\t\t\t\n                            <span class=\"text\"><strong>Melbourne, VIC 3000, Australia.<\/strong><br>\n Collins Street<\/span>\n\n\t\t\t\t\t\t                    <\/div>\n\t\t\t\t\t                    <div class=\"map-address-row\">\n\t\t\t\t\t\t                            <i class=\"fa fa-phone\"><\/i>\n\t\t\t\t\t\t\t\t\t\t\t\t\n                            <span class=\"text\">(+01) 231-394-0713<\/span>\n\n\t\t\t\t\t\t                    <\/div>\n\t\t\t\t\t                    <div class=\"map-address-row\">\n\t\t\t\t\t\t                            <i class=\"fa fa-envelope-o\"><\/i>\n\t\t\t\t\t\t\t\t\t\t\t\t\n                            <span class=\"text\">incognitotheme@gmail.com<\/span>\n\n\t\t\t\t\t\t                    <\/div>\n\t\t\t\t\t\n\t\t\t                <p class=\"gmap-open\">\n                    <a\n                            href=\"https:\/\/www.google.com\/maps\/place\/Laki+30,+12915+Tallinn\/@59.4115263,24.6727791,17z\/data=!3m1!4b1!4m5!3m4!1s0x46929457350dab6f:0x501f0acfcb1060fc!8m2!3d59.4115263!4d24.6749678\"\n                            target=\"_blank\">Google Maps<\/a><\/p>\n\n\t\t\t\n\t\t\n    <\/div>\n\n\t\n    <script>\n\n\n        function initialize() {\n\n            var contentString = '<div class=\"map-info\">'\n                + jQuery(\"#map\").html() +\n                '<\/div>';\n\n\n            var mapOptions = {\n                zoom: 17, \/\/ Change zoom here\n                center: mapLocation,\n                scrollwheel: false,\n\n                styles: []\n            };\n\n            map = new google.maps.Map(document.getElementById('map'),\n                mapOptions);\n            var infowindow = new google.maps.InfoWindow({\n                content: contentString,\n            });\n\n\t\t\t            marker = new google.maps.Marker({\n                map: map,\n                draggable: true,\n                title: 'bauhaus', \/\/change title here\n                animation: google.maps.Animation.DROP,\n                position: mapLocation\n            });\n\t\t\t            google.maps.event.addListener(marker, 'click', function () {\n                infowindow.open(map, marker);\n            });\n\n\n            infowindow.open(map, marker);\n\n        }\n\n\n    <\/script>\n\n\t\n\n    <section    >\n        <div class=\"container\">\n            <div class=\"row\">\n                <div class=\"col-md-3\">\n                    <div class=\"section-info\">\n                        <div class=\"title-hr\"><\/div>\n                        <div class=\"info-title\">Contact details<\/div>\n                    <\/div>\n                <\/div>\n                <div class=\"col-md-9\">\n                    <div class=\"row-contact row\">\n                        <div class=\"col-contact col-lg-6\">\n                            <h3 class=\"contact-title contact-top\">Elektrowerk O\u00dc<\/h3>\n                            <p class=\"contact-address text-muted\"><strong>Laki 30, Tallinn 12915<\/strong><\/p>\n\t\t\t\t\t\t\t                                    <p class=\"contact-row\"><strong class=\"text-dark\">Telephone:<\/strong> +372 655 3355<\/p>\n\t\t\t\t\t\t\t\t                                    <p class=\"contact-row\"><strong class=\"text-dark\">Telephone:<\/strong> +372 655 3343<\/p>\n\t\t\t\t\t\t\t\t                                    <p class=\"contact-row\"><strong class=\"text-dark\">E-mail:<\/strong> info@elektrowerk.ee<\/p>\n\t\t\t\t\t\t\t\t                                    <p class=\"contact-row\"><strong class=\"text-dark\">Registration code:<\/strong> 12061478<\/p>\n\t\t\t\t\t\t\t\t                                    <p class=\"contact-row\"><strong class=\"text-dark\">VAT number:<\/strong> EE101433165<\/p>\n\t\t\t\t\t\t\t\t                                    <p class=\"contact-row\"><strong class=\"text-dark\">Account:<\/strong> Swedbank \u2013 EE972200221051885448 \/ LHV \u2013 EE067700771002445523<\/p>\n\t\t\t\t\t\t\t\t                        <\/div>\n                        <div class=\"col-contact col-lg-6\">\n                            <p class=\"contact-top\"><strong\n                                        class=\"text-muted\">Call:<\/strong><\/p>\n                            <p class=\"phone-lg text-dark\">+372 655 3355<\/p>\n                            <p class=\"text-muted\"><strong class=\"text-dark\">Open times<\/strong><br>\n\t\t\t\t\t\t\t\tMon-Fri 09:00 - 17:00<br \/>\nSat-Sun closed<\/p>\n                            <div class=\"text-muted\"><strong\n                                        class=\"text-dark\">Follow us<\/strong><br>\n                                <div class=\"contact-social social-list\">\n\n\t\t\t\t\t\t\t\t\t                                            <a href=\"https:\/\/www.facebook.com\/Elektrowerk\/?ref=bookmarks\" class=\"icon  icon ion-social-facebook\"><\/a>\n\t\t\t\t\t\t\t\t\t\t                                            <a href=\"https:\/\/www.instagram.com\/elektrowerk_scandinavia\/\" class=\"icon fa fa-instagram\"><\/a>\n\t\t\t\t\t\t\t\t\t\t                                <\/div>\n                            <\/div>\n                        <\/div>\n                    <\/div>\n                <\/div>\n            <\/div>\n        <\/div>\n    <\/section>\n\n\n\t    <section\n            class=\"section-message section \"  >\n        <div class=\"container\">\n            <div class=\"row\">\n                <div class=\"col-md-3\">\n                    <div class=\"section-info\">\n                        <div class=\"title-hr\"><\/div>\n                        <div class=\"info-title\">Message us<\/div>\n                    <\/div>\n                <\/div>\n                <div class=\"col-md-9\">\n\t\t\t\t\t\n\t\t\t\t\t\t\n<div class=\"wpcf7 no-js\" id=\"wpcf7-f1263-o1\" lang=\"en-US\" dir=\"ltr\" data-wpcf7-id=\"1263\">\n<div class=\"screen-reader-response\"><p role=\"status\" aria-live=\"polite\" aria-atomic=\"true\"><\/p> <ul><\/ul><\/div>\n<form action=\"\/en\/wp-json\/wp\/v2\/pages\/1210#wpcf7-f1263-o1\" method=\"post\" class=\"wpcf7-form init\" aria-label=\"Contact form\" novalidate=\"novalidate\" data-status=\"init\">\n<fieldset class=\"hidden-fields-container\"><input type=\"hidden\" name=\"_wpcf7\" value=\"1263\" \/><input type=\"hidden\" name=\"_wpcf7_version\" value=\"6.1.5\" \/><input type=\"hidden\" name=\"_wpcf7_locale\" value=\"en_US\" \/><input type=\"hidden\" name=\"_wpcf7_unit_tag\" value=\"wpcf7-f1263-o1\" \/><input type=\"hidden\" name=\"_wpcf7_container_post\" value=\"0\" \/><input type=\"hidden\" name=\"_wpcf7_posted_data_hash\" value=\"\" \/>\n<\/fieldset>\n<form class=\"js-form\" novalidate=\"novalidate\">\n\t<div class=\"row\">\n\t\t<div class=\"form-group col-sm-6 col-lg-4\">\n\t\t\t<p><span class=\"wpcf7-form-control-wrap\" data-name=\"text-527\"><input size=\"40\" maxlength=\"400\" class=\"wpcf7-form-control wpcf7-text wpcf7-validates-as-required input-gray\" aria-required=\"true\" aria-invalid=\"false\" placeholder=\"Name *\" value=\"\" type=\"text\" name=\"text-527\" \/><\/span>\n\t\t\t<\/p>\n\t\t<\/div>\n\t\t<div class=\"form-group col-sm-6 col-lg-4\">\n\t\t\t<p><span class=\"wpcf7-form-control-wrap\" data-name=\"email-264\"><input size=\"40\" maxlength=\"400\" class=\"wpcf7-form-control wpcf7-email wpcf7-validates-as-required wpcf7-text wpcf7-validates-as-email input-gray\" aria-required=\"true\" aria-invalid=\"false\" placeholder=\"Email\" value=\"\" type=\"email\" name=\"email-264\" \/><\/span>\n\t\t\t<\/p>\n\t\t<\/div>\n\t\t<div class=\"form-group col-sm-6 col-lg-4\">\n\t\t\t<p><span class=\"wpcf7-form-control-wrap\" data-name=\"text-368\"><input size=\"40\" maxlength=\"400\" class=\"wpcf7-form-control wpcf7-text input-gray\" aria-invalid=\"false\" placeholder=\"Topic\" value=\"\" type=\"text\" name=\"text-368\" \/><\/span>\n\t\t\t<\/p>\n\t\t<\/div>\n\t\t<div class=\"form-group col-sm-12\">\n\t\t\t<p><span class=\"wpcf7-form-control-wrap\" data-name=\"textarea-721\"><textarea cols=\"40\" rows=\"10\" maxlength=\"2000\" class=\"wpcf7-form-control wpcf7-textarea wpcf7-validates-as-required input-gray\" aria-required=\"true\" aria-invalid=\"false\" placeholder=\"Message *\" name=\"textarea-721\"><\/textarea><\/span>\n\t\t\t<\/p>\n\t\t<\/div>\n\t\t<div class=\"col-sm-12\">\n\t\t\t<p><input class=\"wpcf7-form-control wpcf7-submit has-spinner btn-upper btn-yellow btn\" type=\"submit\" value=\"Send\" \/>\n\t\t\t<\/p>\n\t\t<\/div>\n\t<\/div>\n<\/form><div class=\"wpcf7-response-output\" aria-hidden=\"true\"><\/div>\n<\/form>\n<\/div>\n\t\t\t\t\t                <\/div>\n            <\/div>\n        <\/div>\n    <\/section>\n\n\n\t[\/vc_column][\/vc_row]<\/p>\n<\/div>","protected":false},"excerpt":{"rendered":"<p>[\/vc_row]<\/p>\n","protected":false},"author":1,"featured_media":0,"parent":0,"menu_order":0,"comment_status":"closed","ping_status":"closed","template":"template-contacts.php","meta":{"footnotes":""},"class_list":["post-1210","page","type-page","status-publish","hentry"],"yoast_head":"<!-- This site is optimized with the Yoast SEO plugin v27.3 - https:\/\/yoast.com\/product\/yoast-seo-wordpress\/ -->\n<title>Contact - Ehitus ja automaatika | Elektrowerk O\u00dc<\/title>\n<meta name=\"description\" content=\"Soovid pakkumist ehitust\u00f6\u00f6dele, elektrit\u00f6\u00f6dele, sisekujundusele, automaatikale v\u00f5i hoopis valgustite planeerimisele? - V\u00f5ta \u00fchendust, aitame!\" \/>\n<meta name=\"robots\" content=\"index, follow, max-snippet:-1, max-image-preview:large, max-video-preview:-1\" \/>\n<link rel=\"canonical\" href=\"https:\/\/elektrowerk.ee\/en\/contact\/\" \/>\n<meta property=\"og:locale\" content=\"en_US\" \/>\n<meta property=\"og:type\" content=\"article\" \/>\n<meta property=\"og:title\" content=\"Contact - Ehitus ja automaatika | Elektrowerk O\u00dc\" \/>\n<meta property=\"og:description\" content=\"Soovid pakkumist ehitust\u00f6\u00f6dele, elektrit\u00f6\u00f6dele, sisekujundusele, automaatikale v\u00f5i hoopis valgustite planeerimisele? - V\u00f5ta \u00fchendust, aitame!\" \/>\n<meta property=\"og:url\" content=\"https:\/\/elektrowerk.ee\/en\/contact\/\" \/>\n<meta property=\"og:site_name\" content=\"Ehitus ja automaatika | Elektrowerk O\u00dc\" \/>\n<meta property=\"article:modified_time\" content=\"2020-10-13T06:39:01+00:00\" \/>\n<meta name=\"twitter:card\" content=\"summary_large_image\" \/>\n<meta name=\"twitter:label1\" content=\"Est. reading time\" \/>\n\t<meta name=\"twitter:data1\" content=\"2 minutes\" \/>\n<script type=\"application\/ld+json\" class=\"yoast-schema-graph\">{\"@context\":\"https:\\\/\\\/schema.org\",\"@graph\":[{\"@type\":\"WebPage\",\"@id\":\"https:\\\/\\\/elektrowerk.ee\\\/en\\\/contact\\\/\",\"url\":\"https:\\\/\\\/elektrowerk.ee\\\/en\\\/contact\\\/\",\"name\":\"Contact - Ehitus ja automaatika | Elektrowerk O\u00dc\",\"isPartOf\":{\"@id\":\"https:\\\/\\\/elektrowerk.ee\\\/#website\"},\"datePublished\":\"2017-04-19T07:58:39+00:00\",\"dateModified\":\"2020-10-13T06:39:01+00:00\",\"description\":\"Soovid pakkumist ehitust\u00f6\u00f6dele, elektrit\u00f6\u00f6dele, sisekujundusele, automaatikale v\u00f5i hoopis valgustite planeerimisele? - V\u00f5ta \u00fchendust, aitame!\",\"breadcrumb\":{\"@id\":\"https:\\\/\\\/elektrowerk.ee\\\/en\\\/contact\\\/#breadcrumb\"},\"inLanguage\":\"en-US\",\"potentialAction\":[{\"@type\":\"ReadAction\",\"target\":[\"https:\\\/\\\/elektrowerk.ee\\\/en\\\/contact\\\/\"]}]},{\"@type\":\"BreadcrumbList\",\"@id\":\"https:\\\/\\\/elektrowerk.ee\\\/en\\\/contact\\\/#breadcrumb\",\"itemListElement\":[{\"@type\":\"ListItem\",\"position\":1,\"name\":\"Home\",\"item\":\"https:\\\/\\\/elektrowerk.ee\\\/en\\\/\"},{\"@type\":\"ListItem\",\"position\":2,\"name\":\"Contact\"}]},{\"@type\":\"WebSite\",\"@id\":\"https:\\\/\\\/elektrowerk.ee\\\/#website\",\"url\":\"https:\\\/\\\/elektrowerk.ee\\\/\",\"name\":\"Ehitus ja automaatika | Elektrowerk O\u00dc\",\"description\":\"\",\"potentialAction\":[{\"@type\":\"SearchAction\",\"target\":{\"@type\":\"EntryPoint\",\"urlTemplate\":\"https:\\\/\\\/elektrowerk.ee\\\/?s={search_term_string}\"},\"query-input\":{\"@type\":\"PropertyValueSpecification\",\"valueRequired\":true,\"valueName\":\"search_term_string\"}}],\"inLanguage\":\"en-US\"}]}<\/script>\n<!-- \/ Yoast SEO plugin. -->","yoast_head_json":{"title":"Contact - Ehitus ja automaatika | Elektrowerk O\u00dc","description":"Soovid pakkumist ehitust\u00f6\u00f6dele, elektrit\u00f6\u00f6dele, sisekujundusele, automaatikale v\u00f5i hoopis valgustite planeerimisele? - V\u00f5ta \u00fchendust, aitame!","robots":{"index":"index","follow":"follow","max-snippet":"max-snippet:-1","max-image-preview":"max-image-preview:large","max-video-preview":"max-video-preview:-1"},"canonical":"https:\/\/elektrowerk.ee\/en\/contact\/","og_locale":"en_US","og_type":"article","og_title":"Contact - Ehitus ja automaatika | Elektrowerk O\u00dc","og_description":"Soovid pakkumist ehitust\u00f6\u00f6dele, elektrit\u00f6\u00f6dele, sisekujundusele, automaatikale v\u00f5i hoopis valgustite planeerimisele? - V\u00f5ta \u00fchendust, aitame!","og_url":"https:\/\/elektrowerk.ee\/en\/contact\/","og_site_name":"Ehitus ja automaatika | Elektrowerk O\u00dc","article_modified_time":"2020-10-13T06:39:01+00:00","twitter_card":"summary_large_image","twitter_misc":{"Est. reading time":"2 minutes"},"schema":{"@context":"https:\/\/schema.org","@graph":[{"@type":"WebPage","@id":"https:\/\/elektrowerk.ee\/en\/contact\/","url":"https:\/\/elektrowerk.ee\/en\/contact\/","name":"Contact - Ehitus ja automaatika | Elektrowerk O\u00dc","isPartOf":{"@id":"https:\/\/elektrowerk.ee\/#website"},"datePublished":"2017-04-19T07:58:39+00:00","dateModified":"2020-10-13T06:39:01+00:00","description":"Soovid pakkumist ehitust\u00f6\u00f6dele, elektrit\u00f6\u00f6dele, sisekujundusele, automaatikale v\u00f5i hoopis valgustite planeerimisele? - V\u00f5ta \u00fchendust, aitame!","breadcrumb":{"@id":"https:\/\/elektrowerk.ee\/en\/contact\/#breadcrumb"},"inLanguage":"en-US","potentialAction":[{"@type":"ReadAction","target":["https:\/\/elektrowerk.ee\/en\/contact\/"]}]},{"@type":"BreadcrumbList","@id":"https:\/\/elektrowerk.ee\/en\/contact\/#breadcrumb","itemListElement":[{"@type":"ListItem","position":1,"name":"Home","item":"https:\/\/elektrowerk.ee\/en\/"},{"@type":"ListItem","position":2,"name":"Contact"}]},{"@type":"WebSite","@id":"https:\/\/elektrowerk.ee\/#website","url":"https:\/\/elektrowerk.ee\/","name":"Ehitus ja automaatika | Elektrowerk O\u00dc","description":"","potentialAction":[{"@type":"SearchAction","target":{"@type":"EntryPoint","urlTemplate":"https:\/\/elektrowerk.ee\/?s={search_term_string}"},"query-input":{"@type":"PropertyValueSpecification","valueRequired":true,"valueName":"search_term_string"}}],"inLanguage":"en-US"}]}},"_links":{"self":[{"href":"https:\/\/elektrowerk.ee\/en\/wp-json\/wp\/v2\/pages\/1210","targetHints":{"allow":["GET"]}}],"collection":[{"href":"https:\/\/elektrowerk.ee\/en\/wp-json\/wp\/v2\/pages"}],"about":[{"href":"https:\/\/elektrowerk.ee\/en\/wp-json\/wp\/v2\/types\/page"}],"author":[{"embeddable":true,"href":"https:\/\/elektrowerk.ee\/en\/wp-json\/wp\/v2\/users\/1"}],"replies":[{"embeddable":true,"href":"https:\/\/elektrowerk.ee\/en\/wp-json\/wp\/v2\/comments?post=1210"}],"version-history":[{"count":4,"href":"https:\/\/elektrowerk.ee\/en\/wp-json\/wp\/v2\/pages\/1210\/revisions"}],"predecessor-version":[{"id":1267,"href":"https:\/\/elektrowerk.ee\/en\/wp-json\/wp\/v2\/pages\/1210\/revisions\/1267"}],"wp:attachment":[{"href":"https:\/\/elektrowerk.ee\/en\/wp-json\/wp\/v2\/media?parent=1210"}],"curies":[{"name":"wp","href":"https:\/\/api.w.org\/{rel}","templated":true}]}}