{"id":1190,"date":"2019-12-02T07:18:35","date_gmt":"2019-12-02T07:18:35","guid":{"rendered":"https:\/\/elektrowerk.ee\/elektritood\/"},"modified":"2020-10-13T08:18:16","modified_gmt":"2020-10-13T06:18:16","slug":"electrical-work","status":"publish","type":"page","link":"https:\/\/elektrowerk.ee\/en\/electrical-work\/","title":{"rendered":"Electrical work"},"content":{"rendered":"<div class=\"wpb-content-wrapper\"><p>[vc_row][vc_column]\n    <div\n            class=\"pp-scrollable text-white section section-1   \"  >\n        <div class=\"scroll-wrap\">\n\n\t\t\t                <div class=\"section-bg\" style=\"background-image:url(https:\/\/elektrowerk.ee\/wp-content\/uploads\/2020\/02\/elektritood.jpg);\"><\/div>\n\t\t\t\t\n            <div class=\"scrollable-content\">\n                <div class=\"vertical-centred\">\n                    <div class=\"boxed boxed-inner\">\n                        <div\n                                class=\"vertical-title hidden-xs hidden-sm\"><span>ELECTRICAL WORKS<\/span><\/div>\n                        <div class=\"boxed\">\n                            <div class=\"container\">\n                                <div class=\"intro\">\n                                    <div class=\"row\">\n                                        <div class=\"col-md-8 col-lg-6\">\n                                            <p class=\"subtitle-top\">ELECTRICAL WORKS<\/p>\n                                            <h1 class=\"display-2 text-white\"><p><span style=\"color: #cee002;\"><strong> Low current, shield construction, house electrical systems, light metering.<\/strong><\/span><\/p>\n<p>Electrical work does not only consist of wiring, but also includes light metering and the construction of electrical and low-voltage shields. Preliminary construction begins with an electrical project, for which all possible wishes must be mapped. According to this, put the maximum possible electricity needs on the paper and get confirmation of it. During electrical work, it is recommended to monitor future requests for the surveillance system and video surveillance systems.<\/p>\n<\/h1>\n                                            <div class=\"hr-bottom\"><\/div>\n                                        <\/div>\n                                    <\/div>\n                                <\/div>\n                            <\/div>\n                        <\/div>\n                    <\/div>\n                <\/div>\n            <\/div>\n        <\/div>\n    <\/div>\n\n\t[\/vc_column][\/vc_row]<\/p>\n<\/div>","protected":false},"excerpt":{"rendered":"<p>[\/vc_row]<\/p>\n","protected":false},"author":1,"featured_media":0,"parent":0,"menu_order":0,"comment_status":"closed","ping_status":"closed","template":"template-fullpage.php","meta":{"footnotes":""},"class_list":["post-1190","page","type-page","status-publish","hentry"],"yoast_head":"<!-- This site is optimized with the Yoast SEO plugin v27.3 - https:\/\/yoast.com\/product\/yoast-seo-wordpress\/ -->\n<title>Electrical work - Ehitus ja automaatika | Elektrowerk O\u00dc<\/title>\n<meta name=\"description\" content=\"N\u00f5rkvoolu, kilpide ehitus, maja elektris\u00fcsteemid, valgusarvestused.\" \/>\n<meta name=\"robots\" content=\"index, follow, max-snippet:-1, max-image-preview:large, max-video-preview:-1\" \/>\n<link rel=\"canonical\" href=\"https:\/\/elektrowerk.ee\/en\/electrical-work\/\" \/>\n<meta property=\"og:locale\" content=\"en_US\" \/>\n<meta property=\"og:type\" content=\"article\" \/>\n<meta property=\"og:title\" content=\"Electrical work - Ehitus ja automaatika | Elektrowerk O\u00dc\" \/>\n<meta property=\"og:description\" content=\"N\u00f5rkvoolu, kilpide ehitus, maja elektris\u00fcsteemid, valgusarvestused.\" \/>\n<meta property=\"og:url\" content=\"https:\/\/elektrowerk.ee\/en\/electrical-work\/\" \/>\n<meta property=\"og:site_name\" content=\"Ehitus ja automaatika | Elektrowerk O\u00dc\" \/>\n<meta property=\"article:modified_time\" content=\"2020-10-13T06:18:16+00:00\" \/>\n<meta name=\"twitter:card\" content=\"summary_large_image\" \/>\n<meta name=\"twitter:label1\" content=\"Est. reading time\" \/>\n\t<meta name=\"twitter:data1\" content=\"1 minute\" \/>\n<script type=\"application\/ld+json\" class=\"yoast-schema-graph\">{\"@context\":\"https:\\\/\\\/schema.org\",\"@graph\":[{\"@type\":\"WebPage\",\"@id\":\"https:\\\/\\\/elektrowerk.ee\\\/en\\\/electrical-work\\\/\",\"url\":\"https:\\\/\\\/elektrowerk.ee\\\/en\\\/electrical-work\\\/\",\"name\":\"Electrical work - Ehitus ja automaatika | Elektrowerk O\u00dc\",\"isPartOf\":{\"@id\":\"https:\\\/\\\/elektrowerk.ee\\\/#website\"},\"datePublished\":\"2019-12-02T07:18:35+00:00\",\"dateModified\":\"2020-10-13T06:18:16+00:00\",\"description\":\"N\u00f5rkvoolu, kilpide ehitus, maja elektris\u00fcsteemid, valgusarvestused.\",\"breadcrumb\":{\"@id\":\"https:\\\/\\\/elektrowerk.ee\\\/en\\\/electrical-work\\\/#breadcrumb\"},\"inLanguage\":\"en-US\",\"potentialAction\":[{\"@type\":\"ReadAction\",\"target\":[\"https:\\\/\\\/elektrowerk.ee\\\/en\\\/electrical-work\\\/\"]}]},{\"@type\":\"BreadcrumbList\",\"@id\":\"https:\\\/\\\/elektrowerk.ee\\\/en\\\/electrical-work\\\/#breadcrumb\",\"itemListElement\":[{\"@type\":\"ListItem\",\"position\":1,\"name\":\"Home\",\"item\":\"https:\\\/\\\/elektrowerk.ee\\\/en\\\/\"},{\"@type\":\"ListItem\",\"position\":2,\"name\":\"Electrical work\"}]},{\"@type\":\"WebSite\",\"@id\":\"https:\\\/\\\/elektrowerk.ee\\\/#website\",\"url\":\"https:\\\/\\\/elektrowerk.ee\\\/\",\"name\":\"Ehitus ja automaatika | Elektrowerk O\u00dc\",\"description\":\"\",\"potentialAction\":[{\"@type\":\"SearchAction\",\"target\":{\"@type\":\"EntryPoint\",\"urlTemplate\":\"https:\\\/\\\/elektrowerk.ee\\\/?s={search_term_string}\"},\"query-input\":{\"@type\":\"PropertyValueSpecification\",\"valueRequired\":true,\"valueName\":\"search_term_string\"}}],\"inLanguage\":\"en-US\"}]}<\/script>\n<!-- \/ Yoast SEO plugin. -->","yoast_head_json":{"title":"Electrical work - Ehitus ja automaatika | Elektrowerk O\u00dc","description":"N\u00f5rkvoolu, kilpide ehitus, maja elektris\u00fcsteemid, valgusarvestused.","robots":{"index":"index","follow":"follow","max-snippet":"max-snippet:-1","max-image-preview":"max-image-preview:large","max-video-preview":"max-video-preview:-1"},"canonical":"https:\/\/elektrowerk.ee\/en\/electrical-work\/","og_locale":"en_US","og_type":"article","og_title":"Electrical work - Ehitus ja automaatika | Elektrowerk O\u00dc","og_description":"N\u00f5rkvoolu, kilpide ehitus, maja elektris\u00fcsteemid, valgusarvestused.","og_url":"https:\/\/elektrowerk.ee\/en\/electrical-work\/","og_site_name":"Ehitus ja automaatika | Elektrowerk O\u00dc","article_modified_time":"2020-10-13T06:18:16+00:00","twitter_card":"summary_large_image","twitter_misc":{"Est. reading time":"1 minute"},"schema":{"@context":"https:\/\/schema.org","@graph":[{"@type":"WebPage","@id":"https:\/\/elektrowerk.ee\/en\/electrical-work\/","url":"https:\/\/elektrowerk.ee\/en\/electrical-work\/","name":"Electrical work - Ehitus ja automaatika | Elektrowerk O\u00dc","isPartOf":{"@id":"https:\/\/elektrowerk.ee\/#website"},"datePublished":"2019-12-02T07:18:35+00:00","dateModified":"2020-10-13T06:18:16+00:00","description":"N\u00f5rkvoolu, kilpide ehitus, maja elektris\u00fcsteemid, valgusarvestused.","breadcrumb":{"@id":"https:\/\/elektrowerk.ee\/en\/electrical-work\/#breadcrumb"},"inLanguage":"en-US","potentialAction":[{"@type":"ReadAction","target":["https:\/\/elektrowerk.ee\/en\/electrical-work\/"]}]},{"@type":"BreadcrumbList","@id":"https:\/\/elektrowerk.ee\/en\/electrical-work\/#breadcrumb","itemListElement":[{"@type":"ListItem","position":1,"name":"Home","item":"https:\/\/elektrowerk.ee\/en\/"},{"@type":"ListItem","position":2,"name":"Electrical work"}]},{"@type":"WebSite","@id":"https:\/\/elektrowerk.ee\/#website","url":"https:\/\/elektrowerk.ee\/","name":"Ehitus ja automaatika | Elektrowerk O\u00dc","description":"","potentialAction":[{"@type":"SearchAction","target":{"@type":"EntryPoint","urlTemplate":"https:\/\/elektrowerk.ee\/?s={search_term_string}"},"query-input":{"@type":"PropertyValueSpecification","valueRequired":true,"valueName":"search_term_string"}}],"inLanguage":"en-US"}]}},"_links":{"self":[{"href":"https:\/\/elektrowerk.ee\/en\/wp-json\/wp\/v2\/pages\/1190","targetHints":{"allow":["GET"]}}],"collection":[{"href":"https:\/\/elektrowerk.ee\/en\/wp-json\/wp\/v2\/pages"}],"about":[{"href":"https:\/\/elektrowerk.ee\/en\/wp-json\/wp\/v2\/types\/page"}],"author":[{"embeddable":true,"href":"https:\/\/elektrowerk.ee\/en\/wp-json\/wp\/v2\/users\/1"}],"replies":[{"embeddable":true,"href":"https:\/\/elektrowerk.ee\/en\/wp-json\/wp\/v2\/comments?post=1190"}],"version-history":[{"count":3,"href":"https:\/\/elektrowerk.ee\/en\/wp-json\/wp\/v2\/pages\/1190\/revisions"}],"predecessor-version":[{"id":1251,"href":"https:\/\/elektrowerk.ee\/en\/wp-json\/wp\/v2\/pages\/1190\/revisions\/1251"}],"wp:attachment":[{"href":"https:\/\/elektrowerk.ee\/en\/wp-json\/wp\/v2\/media?parent=1190"}],"curies":[{"name":"wp","href":"https:\/\/api.w.org\/{rel}","templated":true}]}}