{"id":1148,"date":"2017-04-13T18:44:56","date_gmt":"2017-04-13T18:44:56","guid":{"rendered":"https:\/\/elektrowerk.ee\/avaleht\/"},"modified":"2025-09-08T15:55:41","modified_gmt":"2025-09-08T13:55:41","slug":"avaleht","status":"publish","type":"page","link":"https:\/\/elektrowerk.ee\/en\/","title":{"rendered":"Home"},"content":{"rendered":"<div class=\"wpb-content-wrapper\"><p>[vc_row][vc_column]\n    <div\n            class=\"pp-scrollable text-white section section-1   \"  >\n        <div class=\"scroll-wrap\">\n\n\t\t\t                <div class=\"section-bg\" style=\"background-image:url(https:\/\/elektrowerk.ee\/wp-content\/uploads\/2019\/11\/interior.jpg);\"><\/div>\n\t\t\t\t\n            <div class=\"scrollable-content\">\n                <div class=\"vertical-centred\">\n                    <div class=\"boxed boxed-inner\">\n                        <div\n                                class=\"vertical-title hidden-xs hidden-sm\"><span>Lighting &amp; electrical work<\/span><\/div>\n                        <div class=\"boxed\">\n                            <div class=\"container\">\n                                <div class=\"intro\">\n                                    <div class=\"row\">\n                                        <div class=\"col-md-8 col-lg-6\">\n                                            <p class=\"subtitle-top\"><\/p>\n                                            <h1 class=\"display-2 text-white\"><p><span class=\"text-primary\"> Lighting <\/span> and<br \/>\nother electrical work<\/p>\n<p><a class=\"epood\" href=\"https:\/\/elektrowerk-shop.ee\">VISIT E-SHOP<\/a><\/p>\n<\/h1>\n                                            <div class=\"hr-bottom\"><\/div>\n                                        <\/div>\n                                    <\/div>\n                                <\/div>\n                            <\/div>\n                        <\/div>\n                    <\/div>\n                <\/div>\n            <\/div>\n        <\/div>\n    <\/div>\n\n\t\n\n    <div\n            class=\"pp-scrollable section section-2  vc_custom_1602608688809  \"  >\n        <div class=\"scroll-wrap\">\n            <div class=\"scrollable-content\">\n                <div class=\"vertical-centred\">\n                    <div class=\"boxed boxed-inner\">\n                        <div\n                                class=\"vertical-title text-dark hidden-xs hidden-sm\"><span>what we are dealing with<\/span><\/div>\n                        <div class=\"boxed\">\n                            <div class=\"container\">\n                                <div class=\"intro\">\n                                    <div class=\"row\">\n                                        <div class=\"col-md-5 col-lg-5\">\n                                            <p class=\"subtitle-top text-dark\">Our services<\/p>\n                                            <h2 class=\"title-uppercase\">We deal<br \/>\n<span class=\"text-primary\">sales of lighting and electrical work<\/span> ja<br \/>\nwe guarantee customers<br \/>\ndesired end result<\/h2>\n                                            <ul class=\"service-list\">\n\t\t\t\t\t\t\t\t\t\t\t\t                                                        <li><a href=\"https:\/\/elektrowerk.ee\/en\/for-architects\/\">For architects (catalogs)<\/a><\/li>\n\n\t\t\t\t\t\t\t\t\t\t\t\t\t                                                        <li><a href=\"https:\/\/elektrowerk.ee\/en\/consultation\/\">Consultation<\/a><\/li>\n\n\t\t\t\t\t\t\t\t\t\t\t\t\t                                                        <li><a href=\"https:\/\/elektrowerk.ee\/en\/electrical-work\/\">Electrical work<\/a><\/li>\n\n\t\t\t\t\t\t\t\t\t\t\t\t\t                                                        <li><a href=\"https:\/\/elektrowerk.ee\/en\/automatics\/\">Automatics<\/a><\/li>\n\n\t\t\t\t\t\t\t\t\t\t\t\t\t                                                        <li><a href=\"https:\/\/elektrowerk.ee\/en\/construction-of-private-houses\/\">Construction of private houses<\/a><\/li>\n\n\t\t\t\t\t\t\t\t\t\t\t\t\t                                            <\/ul>\n                                        <\/div>\n                                        <div class=\"col-md-6 col-lg-5 col-md-offset-1 col-lg-offset-2\">\n                                            <div class=\"dots-image-2\">\n\n\t\t\t\t\t\t\t\t\t\t\t\t\n                                                <div class=\"dots\"><\/div>\n                                                <div class=\"experience-info\">\n                                                    <div class=\"number\">10<\/div>\n                                                    <div\n                                                            class=\"text\">years<br \/>\nof experience<\/div>\n                                                <\/div>\n                                            <\/div>\n                                        <\/div>\n                                    <\/div>\n                                <\/div>\n                            <\/div>\n                        <\/div>\n                    <\/div>\n                <\/div>\n            <\/div>\n        <\/div>\n    <\/div>\n\n\t\n\n    <div class=\"pp-scrollable section section-6  vc_custom_1757339739890  \"  >\n        <div class=\"scroll-wrap\">\n            <div class=\"scrollable-content\">\n                <div class=\"vertical-centred\">\n                    <div class=\"boxed boxed-inner\">\n                        <div\n                                class=\"vertical-title text-dark hidden-xs hidden-sm\"><span>contact<\/span><\/div>\n                        <div class=\"boxed\">\n                            <div class=\"container\">\n                                <div class=\"intro overflow-hidden\">\n                                    <div class=\"row\">\n                                        <div class=\"col-md-12\">\n                                            <h2 class=\"title-uppercase\">ask for offer<\/h2>\n\n\t\t\t\t\t\t\t\t\t\t\t\n\n                                                <div id=\"map\" data-lat=\"59.41142078\"\n                                                     data-lng=\"24.6748513\"\n                                                     class=\"map-2\">\n\t\t\t\t\t\t\t\t\t\t\t\t\t                                                        <div class=\"map-title\">\n\n                                                            <div class=\"brand\" href=\"#\">\n\t\t\t\t\t\t\t\t\t\t\t\t\t\t\t\t                                                                    <img decoding=\"async\" alt=\"\"\n                                                                         src=\"https:\/\/elektrowerk.ee\/wp-content\/uploads\/2019\/10\/logo-elektrowerk.svg\">\n\n\t\t\t\t\t\t\t\t\t\t\t\t\t\t\t\t                                                                <div class=\"brand-info\">\n                                                                    <div\n                                                                            class=\"brand-name\"><\/div>\n                                                                    <div\n                                                                            class=\"brand-text\"><\/div>\n                                                                <\/div>\n                                                            <\/div>\n                                                        <\/div>\n                                                        <p class=\"map-address\"><\/p>\n\t\t\t\t\t\t\t\t\t\t\t\t\t\t                                                                <div class=\"map-address-row\">\n\t\t\t\t\t\t\t\t\t\t\t\t\t\t\t\t\t                                                                        <i class=\" icon-medium icon-apartment\"><\/i>\n\t\t\t\t\t\t\t\t\t\t\t\t\t\t\t\t\t\t\t\t\t\t\t\t\t\t\t\t\t\t\t\t\t\t                                                                <\/div>\n\t\t\t\t\t\t\t\t\t\t\t\t\t\t\t\t\n\t\t\t\t\t\t\t\t\t\t\t\t\t\t                                                            <p class=\"gmap-open\">\n                                                                <a\n                                                                        href=\"https:\/\/www.google.com\/maps\/place\/Laki+30,+12915+Tallinn\/@59.4115263,24.6727791,17z\/data=!3m1!4b1!4m5!3m4!1s0x46929457350dab6f:0x501f0acfcb1060fc!8m2!3d59.4115263!4d24.6749678\"\n                                                                        target=\"_blank\">Google Maps<\/a>\n                                                            <\/p>\n\n\t\t\t\t\t\t\t\t\t\t\t\t\t\t\n\t\t\t\t\t\t\t\t\t\t\t\t\t                                                <\/div>\n\n\n\t\t\t\t\t\t\t\t\t\t\t                                                <script>\n\n\n                                                    function initialize() {\n\n                                                        var contentString = '<div class=\"map-info\">'\n                                                            + jQuery(\"#map\").html() +\n                                                            '<\/div>';\n\n\n                                                        var mapOptions = {\n                                                            zoom: 17, \/\/ Change zoom here\n                                                            center: mapLocation,\n                                                            scrollwheel: false,\n\n                                                            styles: []\n                                                        };\n\n                                                        map = new google.maps.Map(document.getElementById('map'),\n                                                            mapOptions);\n                                                        var infowindow = new google.maps.InfoWindow({\n                                                            content: contentString,\n                                                        });\n\n\t\t\t\t\t\t\t\t\t\t\t\t\t\t                                                        marker = new google.maps.Marker({\n                                                            map: map,\n                                                            draggable: true,\n                                                            title: 'bauhaus', \/\/change title here\n                                                            animation: google.maps.Animation.DROP,\n                                                            position: mapLocation\n                                                        });\n\n                                                        google.maps.event.addListener(marker, 'click', function () {\n                                                            infowindow.open(map, marker);\n                                                        });\n\n\n                                                        infowindow.open(map, marker);\n\t\t\t\t\t\t\t\t\t\t\t\t\t\t\n                                                    }\n\n\n                                                <\/script>\n\n\t\t\t\t\t\t\t\t\t\t\t\n\n\t\t\t\t\t\t\t\t\t\t\t                                                <div class=\"contact-info\">\n\n                                                    <div class=\"row-contact-info row\">\n\t\t\t\t\t\t\t\t\t\t\t\t\t\t\n\n                                                                <div class=\"col-contact-info col-md-6 col-lg-4\">\n                                                                    <div class=\"row\">\n                                                                        <h3 class=\"col-sm-3 col-md-4\">    JUHAN<br>\nTOODO<\/h3>\n                                                                        <div\n                                                                                class=\"col-right col-sm-8 col-md-7 col-sm-offset-1 col-md-offset-1\">\n\n\t\t\t\t\t\t\t\t\t\t\t\t\t\t\t\t\t\t\t\n                                                                                    <div\n                                                                                            class=\"contact-info-row col-sm-6 col-md-12\">\n\n\t\t\t\t\t\t\t\t\t\t\t\t\t\t\t\t\t\t\t\t\t\t                                                                                            <strong\n                                                                                                    class=\"text-dark\"> CEO<\/strong><br>\n\t\t\t\t\t\t\t\t\t\t\t\t\t\t\t\t\t\t\t\t\t\t\n\t\t\t\t\t\t\t\t\t\t\t\t\t\t\t\t\t\t\t\t\t\tMob. <a href=\"tel:+3725030147\">+372 50 30147<\/a><br>\nTel. +372 655 3318<br>\nE-mail: <a href=\"mailto:juhan@elektrowerk.ee\">juhan@elektrowerk.ee<\/a><\/p>                                                                                    <\/div>\n\n\t\t\t\t\t\t\t\t\t\t\t\t\t\t\t\t\t\t\t\t                                                                        <\/div>\n                                                                    <\/div>\n                                                                <\/div>\n\n\t\t\t\t\t\t\t\t\t\t\t\t\t\t\t\n\n                                                                <div class=\"col-contact-info col-md-6 col-lg-4\">\n                                                                    <div class=\"row\">\n                                                                        <h3 class=\"col-sm-3 col-md-4\">    TAUNO <br>\nLANG\n<\/h3>\n                                                                        <div\n                                                                                class=\"col-right col-sm-8 col-md-7 col-sm-offset-1 col-md-offset-1\">\n\n\t\t\t\t\t\t\t\t\t\t\t\t\t\t\t\t\t\t\t\n                                                                                    <div\n                                                                                            class=\"contact-info-row col-sm-6 col-md-12\">\n\n\t\t\t\t\t\t\t\t\t\t\t\t\t\t\t\t\t\t\t\t\t\t\n\t\t\t\t\t\t\t\t\t\t\t\t\t\t\t\t\t\t\t\t\t\tMob. <a href=\"tel:+3725030137\">+372 50 30174<\/a><br>\nTel. <a href=\"tel:+3726553355\">+372 655 3355<\/a><br>\nE-mail: <a href=\"mailto:tauno@elektrowerk.ee\">tauno@elektrowerk.ee<\/a><\/p>                                                                                    <\/div>\n\n\t\t\t\t\t\t\t\t\t\t\t\t\t\t\t\t\t\t\t\t                                                                        <\/div>\n                                                                    <\/div>\n                                                                <\/div>\n\n\t\t\t\t\t\t\t\t\t\t\t\t\t\t\t\n\n                                                                <div class=\"col-contact-info col-md-6 col-lg-4\">\n                                                                    <div class=\"row\">\n                                                                        <h3 class=\"col-sm-3 col-md-4\">    <\/h3>\n                                                                        <div\n                                                                                class=\"col-right col-sm-8 col-md-7 col-sm-offset-1 col-md-offset-1\">\n\n\t\t\t\t\t\t\t\t\t\t\t\t\t\t\t\t\t\t\t\n                                                                                    <div\n                                                                                            class=\"contact-info-row col-sm-6 col-md-12\">\n\n\t\t\t\t\t\t\t\t\t\t\t\t\t\t\t\t\t\t\t\t\t\t\n\t\t\t\t\t\t\t\t\t\t\t\t\t\t\t\t\t\t\t\t\t\t                                                                                    <\/div>\n\n\t\t\t\t\t\t\t\t\t\t\t\t\t\t\t\t\t\t\t\t                                                                        <\/div>\n                                                                    <\/div>\n                                                                <\/div>\n\n\t\t\t\t\t\t\t\t\t\t\t\t\t\t\t\n                                                    <\/div>\n\n                                                <\/div>\n\t\t\t\t\t\t\t\t\t\t\t\n                                        <\/div>\n                                    <\/div>\n                                <\/div>\n                            <\/div>\n                        <\/div>\n                    <\/div>\n                <\/div>\n            <\/div>\n        <\/div>\n    <\/div>\n\n\t[\/vc_column][\/vc_row]<\/p>\n<\/div>","protected":false},"excerpt":{"rendered":"<p>[\/vc_row]<\/p>\n","protected":false},"author":1,"featured_media":0,"parent":0,"menu_order":0,"comment_status":"closed","ping_status":"closed","template":"template-fullpage.php","meta":{"footnotes":""},"class_list":["post-1148","page","type-page","status-publish","hentry"],"yoast_head":"<!-- This site is optimized with the Yoast SEO plugin v27.3 - https:\/\/yoast.com\/product\/yoast-seo-wordpress\/ -->\n<title>Home - Ehitus ja automaatika | Elektrowerk O\u00dc<\/title>\n<meta name=\"description\" content=\"Eramute ehitust\u00f6\u00f6d vundamendist kuni v\u00f5tmed k\u00e4tte. Pakume konsultatsiooni, automaatikat, elektrit\u00f6id ja toetame arhidekte valgustite planeerimisega.\" \/>\n<meta name=\"robots\" content=\"index, follow, max-snippet:-1, max-image-preview:large, max-video-preview:-1\" \/>\n<link rel=\"canonical\" href=\"https:\/\/elektrowerk.ee\/en\/\" \/>\n<meta property=\"og:locale\" content=\"en_US\" \/>\n<meta property=\"og:type\" content=\"article\" \/>\n<meta property=\"og:title\" content=\"Home - Ehitus ja automaatika | Elektrowerk O\u00dc\" \/>\n<meta property=\"og:description\" content=\"Eramute ehitust\u00f6\u00f6d vundamendist kuni v\u00f5tmed k\u00e4tte. Pakume konsultatsiooni, automaatikat, elektrit\u00f6id ja toetame arhidekte valgustite planeerimisega.\" \/>\n<meta property=\"og:url\" content=\"https:\/\/elektrowerk.ee\/en\/\" \/>\n<meta property=\"og:site_name\" content=\"Ehitus ja automaatika | Elektrowerk O\u00dc\" \/>\n<meta property=\"article:modified_time\" content=\"2025-09-08T13:55:41+00:00\" \/>\n<meta name=\"twitter:card\" content=\"summary_large_image\" \/>\n<meta name=\"twitter:label1\" content=\"Est. reading time\" \/>\n\t<meta name=\"twitter:data1\" content=\"1 minute\" \/>\n<script type=\"application\/ld+json\" class=\"yoast-schema-graph\">{\"@context\":\"https:\\\/\\\/schema.org\",\"@graph\":[{\"@type\":\"WebPage\",\"@id\":\"https:\\\/\\\/elektrowerk.ee\\\/en\\\/\",\"url\":\"https:\\\/\\\/elektrowerk.ee\\\/en\\\/\",\"name\":\"Home - Ehitus ja automaatika | Elektrowerk O\u00dc\",\"isPartOf\":{\"@id\":\"https:\\\/\\\/elektrowerk.ee\\\/#website\"},\"datePublished\":\"2017-04-13T18:44:56+00:00\",\"dateModified\":\"2025-09-08T13:55:41+00:00\",\"description\":\"Eramute ehitust\u00f6\u00f6d vundamendist kuni v\u00f5tmed k\u00e4tte. Pakume konsultatsiooni, automaatikat, elektrit\u00f6id ja toetame arhidekte valgustite planeerimisega.\",\"breadcrumb\":{\"@id\":\"https:\\\/\\\/elektrowerk.ee\\\/en\\\/#breadcrumb\"},\"inLanguage\":\"en-US\",\"potentialAction\":[{\"@type\":\"ReadAction\",\"target\":[\"https:\\\/\\\/elektrowerk.ee\\\/en\\\/\"]}]},{\"@type\":\"BreadcrumbList\",\"@id\":\"https:\\\/\\\/elektrowerk.ee\\\/en\\\/#breadcrumb\",\"itemListElement\":[{\"@type\":\"ListItem\",\"position\":1,\"name\":\"Home\",\"item\":\"https:\\\/\\\/elektrowerk.ee\\\/en\\\/\"},{\"@type\":\"ListItem\",\"position\":2,\"name\":\"Home\"}]},{\"@type\":\"WebSite\",\"@id\":\"https:\\\/\\\/elektrowerk.ee\\\/#website\",\"url\":\"https:\\\/\\\/elektrowerk.ee\\\/\",\"name\":\"Ehitus ja automaatika | Elektrowerk O\u00dc\",\"description\":\"\",\"potentialAction\":[{\"@type\":\"SearchAction\",\"target\":{\"@type\":\"EntryPoint\",\"urlTemplate\":\"https:\\\/\\\/elektrowerk.ee\\\/?s={search_term_string}\"},\"query-input\":{\"@type\":\"PropertyValueSpecification\",\"valueRequired\":true,\"valueName\":\"search_term_string\"}}],\"inLanguage\":\"en-US\"}]}<\/script>\n<!-- \/ Yoast SEO plugin. -->","yoast_head_json":{"title":"Home - Ehitus ja automaatika | Elektrowerk O\u00dc","description":"Eramute ehitust\u00f6\u00f6d vundamendist kuni v\u00f5tmed k\u00e4tte. Pakume konsultatsiooni, automaatikat, elektrit\u00f6id ja toetame arhidekte valgustite planeerimisega.","robots":{"index":"index","follow":"follow","max-snippet":"max-snippet:-1","max-image-preview":"max-image-preview:large","max-video-preview":"max-video-preview:-1"},"canonical":"https:\/\/elektrowerk.ee\/en\/","og_locale":"en_US","og_type":"article","og_title":"Home - Ehitus ja automaatika | Elektrowerk O\u00dc","og_description":"Eramute ehitust\u00f6\u00f6d vundamendist kuni v\u00f5tmed k\u00e4tte. Pakume konsultatsiooni, automaatikat, elektrit\u00f6id ja toetame arhidekte valgustite planeerimisega.","og_url":"https:\/\/elektrowerk.ee\/en\/","og_site_name":"Ehitus ja automaatika | Elektrowerk O\u00dc","article_modified_time":"2025-09-08T13:55:41+00:00","twitter_card":"summary_large_image","twitter_misc":{"Est. reading time":"1 minute"},"schema":{"@context":"https:\/\/schema.org","@graph":[{"@type":"WebPage","@id":"https:\/\/elektrowerk.ee\/en\/","url":"https:\/\/elektrowerk.ee\/en\/","name":"Home - Ehitus ja automaatika | Elektrowerk O\u00dc","isPartOf":{"@id":"https:\/\/elektrowerk.ee\/#website"},"datePublished":"2017-04-13T18:44:56+00:00","dateModified":"2025-09-08T13:55:41+00:00","description":"Eramute ehitust\u00f6\u00f6d vundamendist kuni v\u00f5tmed k\u00e4tte. Pakume konsultatsiooni, automaatikat, elektrit\u00f6id ja toetame arhidekte valgustite planeerimisega.","breadcrumb":{"@id":"https:\/\/elektrowerk.ee\/en\/#breadcrumb"},"inLanguage":"en-US","potentialAction":[{"@type":"ReadAction","target":["https:\/\/elektrowerk.ee\/en\/"]}]},{"@type":"BreadcrumbList","@id":"https:\/\/elektrowerk.ee\/en\/#breadcrumb","itemListElement":[{"@type":"ListItem","position":1,"name":"Home","item":"https:\/\/elektrowerk.ee\/en\/"},{"@type":"ListItem","position":2,"name":"Home"}]},{"@type":"WebSite","@id":"https:\/\/elektrowerk.ee\/#website","url":"https:\/\/elektrowerk.ee\/","name":"Ehitus ja automaatika | Elektrowerk O\u00dc","description":"","potentialAction":[{"@type":"SearchAction","target":{"@type":"EntryPoint","urlTemplate":"https:\/\/elektrowerk.ee\/?s={search_term_string}"},"query-input":{"@type":"PropertyValueSpecification","valueRequired":true,"valueName":"search_term_string"}}],"inLanguage":"en-US"}]}},"_links":{"self":[{"href":"https:\/\/elektrowerk.ee\/en\/wp-json\/wp\/v2\/pages\/1148","targetHints":{"allow":["GET"]}}],"collection":[{"href":"https:\/\/elektrowerk.ee\/en\/wp-json\/wp\/v2\/pages"}],"about":[{"href":"https:\/\/elektrowerk.ee\/en\/wp-json\/wp\/v2\/types\/page"}],"author":[{"embeddable":true,"href":"https:\/\/elektrowerk.ee\/en\/wp-json\/wp\/v2\/users\/1"}],"replies":[{"embeddable":true,"href":"https:\/\/elektrowerk.ee\/en\/wp-json\/wp\/v2\/comments?post=1148"}],"version-history":[{"count":5,"href":"https:\/\/elektrowerk.ee\/en\/wp-json\/wp\/v2\/pages\/1148\/revisions"}],"predecessor-version":[{"id":1652,"href":"https:\/\/elektrowerk.ee\/en\/wp-json\/wp\/v2\/pages\/1148\/revisions\/1652"}],"wp:attachment":[{"href":"https:\/\/elektrowerk.ee\/en\/wp-json\/wp\/v2\/media?parent=1148"}],"curies":[{"name":"wp","href":"https:\/\/api.w.org\/{rel}","templated":true}]}}