{"id":1136,"date":"2019-12-02T07:18:42","date_gmt":"2019-12-02T07:18:42","guid":{"rendered":"https:\/\/elektrowerk.ee\/automaatika\/"},"modified":"2021-04-26T11:33:42","modified_gmt":"2021-04-26T09:33:42","slug":"automatics","status":"publish","type":"page","link":"https:\/\/elektrowerk.ee\/en\/automatics\/","title":{"rendered":"Automatics"},"content":{"rendered":"<div class=\"wpb-content-wrapper\"><p>[vc_row][vc_column]\n    <div\n            class=\"pp-scrollable text-white section section-1   \"  >\n        <div class=\"scroll-wrap\">\n\n\t\t\t                <div class=\"section-bg\" style=\"background-image:url(https:\/\/elektrowerk.ee\/wp-content\/uploads\/2020\/02\/automaatika.jpg);\"><\/div>\n\t\t\t\t\n            <div class=\"scrollable-content\">\n                <div class=\"vertical-centred\">\n                    <div class=\"boxed boxed-inner\">\n                        <div\n                                class=\"vertical-title hidden-xs hidden-sm\"><span>AUTOMATICS<\/span><\/div>\n                        <div class=\"boxed\">\n                            <div class=\"container\">\n                                <div class=\"intro\">\n                                    <div class=\"row\">\n                                        <div class=\"col-md-8 col-lg-6\">\n                                            <p class=\"subtitle-top\">AUTOMATICS (KNX, Dali)<\/p>\n                                            <h1 class=\"display-2 text-white\"><p>Home automation &#8211; this is a control system for comfort, safety and home operation expenses. The ability to control the house using a tablet, smartphone or computer, and this opportunity from anywhere in the world. Easy management and control of all systems in the house will bring you comfort and satisfaction. Light and climate control make the residence as ergonomic and economical as possible. The system will notify you of any changes immediately.<\/p>\n<\/h1>\n                                            <div class=\"hr-bottom\"><\/div>\n                                        <\/div>\n                                    <\/div>\n                                <\/div>\n                            <\/div>\n                        <\/div>\n                    <\/div>\n                <\/div>\n            <\/div>\n        <\/div>\n    <\/div>\n\n\t\n    <div\n            class=\"pp-scrollable text-white section section-1   \"  >\n        <div class=\"scroll-wrap\">\n\n\t\t\t                <div class=\"section-bg\" style=\"background-image:url(https:\/\/elektrowerk.ee\/wp-content\/uploads\/2020\/02\/automaatika2.jpg);\"><\/div>\n\t\t\t\t\n            <div class=\"scrollable-content\">\n                <div class=\"vertical-centred\">\n                    <div class=\"boxed boxed-inner\">\n                        <div\n                                class=\"vertical-title hidden-xs hidden-sm\"><span>AUTOMATICS<\/span><\/div>\n                        <div class=\"boxed\">\n                            <div class=\"container\">\n                                <div class=\"intro\">\n                                    <div class=\"row\">\n                                        <div class=\"col-md-8 col-lg-6\">\n                                            <p class=\"subtitle-top\"><\/p>\n                                            <h1 class=\"display-2 text-white\"><p>If you wish, you can get a quick overview of the current status of home heating systems and ventilation. With automation, the control unit of your house is set up according to your wishes, which can be changed quickly from the smart device later. You can also configure away-mode settings that reduce costs.<\/p>\n<p>The smart home system can integrate an unlimited number of different applications and your home meets all modern comfort and safety requirements.<\/p>\n<\/h1>\n                                            <div class=\"hr-bottom\"><\/div>\n                                        <\/div>\n                                    <\/div>\n                                <\/div>\n                            <\/div>\n                        <\/div>\n                    <\/div>\n                <\/div>\n            <\/div>\n        <\/div>\n    <\/div>\n\n\t\n    <div\n            class=\"pp-scrollable text-white section section-1   \"  >\n        <div class=\"scroll-wrap\">\n\n\t\t\t                <div class=\"section-bg\" style=\"background-image:url(https:\/\/elektrowerk.ee\/wp-content\/uploads\/2020\/02\/automaatika3.jpg);\"><\/div>\n\t\t\t\t\n            <div class=\"scrollable-content\">\n                <div class=\"vertical-centred\">\n                    <div class=\"boxed boxed-inner\">\n                        <div\n                                class=\"vertical-title hidden-xs hidden-sm\"><span>AUTOMATICS<\/span><\/div>\n                        <div class=\"boxed\">\n                            <div class=\"container\">\n                                <div class=\"intro\">\n                                    <div class=\"row\">\n                                        <div class=\"col-md-8 col-lg-6\">\n                                            <p class=\"subtitle-top\"><\/p>\n                                            <h1 class=\"display-2 text-white\"><p>1. Various electrical equipment and systems<br \/>\n2. Lighting<br \/>\n3. Use of electricity<br \/>\n4. Sound and television<br \/>\n5. Heating and ventilation<br \/>\n6. Water supply and water flow control<br \/>\n7. Fire and alarm systems<br \/>\n8. Water supply and stair heating systems<br \/>\n9. Window blinds<br \/>\n10. Plant irrigation system<br \/>\nThe system can also be used for smaller production and commercial premises.<\/p>\n<\/h1>\n                                            <div class=\"hr-bottom\"><\/div>\n                                        <\/div>\n                                    <\/div>\n                                <\/div>\n                            <\/div>\n                        <\/div>\n                    <\/div>\n                <\/div>\n            <\/div>\n        <\/div>\n    <\/div>\n\n\t\n    <div\n            class=\"pp-scrollable text-white section section-1   \"  >\n        <div class=\"scroll-wrap\">\n\n\t\t\t                <div class=\"section-bg\" style=\"background-image:url(https:\/\/elektrowerk.ee\/wp-content\/uploads\/2020\/02\/automaatika3.jpg);\"><\/div>\n\t\t\t\t\n            <div class=\"scrollable-content\">\n                <div class=\"vertical-centred\">\n                    <div class=\"boxed boxed-inner\">\n                        <div\n                                class=\"vertical-title hidden-xs hidden-sm\"><span>AUTOMATICS<\/span><\/div>\n                        <div class=\"boxed\">\n                            <div class=\"container\">\n                                <div class=\"intro\">\n                                    <div class=\"row\">\n                                        <div class=\"col-md-8 col-lg-6\">\n                                            <p class=\"subtitle-top\"><\/p>\n                                            <h1 class=\"display-2 text-white\"><p><img loading=\"lazy\" decoding=\"async\" class=\"size-medium wp-image-1396 aligncenter\" src=\"https:\/\/elektrowerk.ee\/wp-content\/uploads\/2021\/04\/partner-300x142.jpg\" alt=\"\" width=\"300\" height=\"142\" srcset=\"https:\/\/elektrowerk.ee\/wp-content\/uploads\/2021\/04\/partner-300x142.jpg 300w, https:\/\/elektrowerk.ee\/wp-content\/uploads\/2021\/04\/partner.jpg 700w\" sizes=\"auto, (max-width: 300px) 100vw, 300px\" \/><\/p>\n<p><a href=\"https:\/\/elektrowerk.ee\/wp-content\/uploads\/2021\/04\/certificate-course_type_basic-113699.pdf\"><img loading=\"lazy\" decoding=\"async\" class=\"size-medium wp-image-1399 aligncenter\" src=\"https:\/\/elektrowerk.ee\/wp-content\/uploads\/2021\/04\/cert-222x300.png\" alt=\"\" width=\"222\" height=\"300\" srcset=\"https:\/\/elektrowerk.ee\/wp-content\/uploads\/2021\/04\/cert-222x300.png 222w, https:\/\/elektrowerk.ee\/wp-content\/uploads\/2021\/04\/cert-425x573.png 425w, https:\/\/elektrowerk.ee\/wp-content\/uploads\/2021\/04\/cert.png 591w\" sizes=\"auto, (max-width: 222px) 100vw, 222px\" \/><\/a><\/p>\n<\/h1>\n                                            <div class=\"hr-bottom\"><\/div>\n                                        <\/div>\n                                    <\/div>\n                                <\/div>\n                            <\/div>\n                        <\/div>\n                    <\/div>\n                <\/div>\n            <\/div>\n        <\/div>\n    <\/div>\n\n\t[\/vc_column][\/vc_row]<\/p>\n<\/div>","protected":false},"excerpt":{"rendered":"<p>[\/vc_row]<\/p>\n","protected":false},"author":1,"featured_media":0,"parent":0,"menu_order":0,"comment_status":"closed","ping_status":"closed","template":"template-fullpage.php","meta":{"footnotes":""},"class_list":["post-1136","page","type-page","status-publish","hentry"],"yoast_head":"<!-- This site is optimized with the Yoast SEO plugin v27.3 - https:\/\/yoast.com\/product\/yoast-seo-wordpress\/ -->\n<title>Automatics - Ehitus ja automaatika | Elektrowerk O\u00dc<\/title>\n<meta name=\"description\" content=\"Automaatika kodule \u2013 see on mugavuse, ohutuse ja kodu ekspluatatsiooni v\u00e4ljaminekute kontrolls\u00fcsteem. S\u00fcsteem teavitab Teid v\u00f5imalikest muutustest hetkega.\" \/>\n<meta name=\"robots\" content=\"index, follow, max-snippet:-1, max-image-preview:large, max-video-preview:-1\" \/>\n<link rel=\"canonical\" href=\"https:\/\/elektrowerk.ee\/en\/automatics\/\" \/>\n<meta property=\"og:locale\" content=\"en_US\" \/>\n<meta property=\"og:type\" content=\"article\" \/>\n<meta property=\"og:title\" content=\"Automatics - Ehitus ja automaatika | Elektrowerk O\u00dc\" \/>\n<meta property=\"og:description\" content=\"Automaatika kodule \u2013 see on mugavuse, ohutuse ja kodu ekspluatatsiooni v\u00e4ljaminekute kontrolls\u00fcsteem. S\u00fcsteem teavitab Teid v\u00f5imalikest muutustest hetkega.\" \/>\n<meta property=\"og:url\" content=\"https:\/\/elektrowerk.ee\/en\/automatics\/\" \/>\n<meta property=\"og:site_name\" content=\"Ehitus ja automaatika | Elektrowerk O\u00dc\" \/>\n<meta property=\"article:modified_time\" content=\"2021-04-26T09:33:42+00:00\" \/>\n<meta property=\"og:image\" content=\"https:\/\/elektrowerk.ee\/wp-content\/uploads\/2021\/04\/partner-300x142.jpg\" \/>\n<meta name=\"twitter:card\" content=\"summary_large_image\" \/>\n<meta name=\"twitter:label1\" content=\"Est. reading time\" \/>\n\t<meta name=\"twitter:data1\" content=\"1 minute\" \/>\n<script type=\"application\/ld+json\" class=\"yoast-schema-graph\">{\"@context\":\"https:\\\/\\\/schema.org\",\"@graph\":[{\"@type\":\"WebPage\",\"@id\":\"https:\\\/\\\/elektrowerk.ee\\\/en\\\/automatics\\\/\",\"url\":\"https:\\\/\\\/elektrowerk.ee\\\/en\\\/automatics\\\/\",\"name\":\"Automatics - Ehitus ja automaatika | Elektrowerk O\u00dc\",\"isPartOf\":{\"@id\":\"https:\\\/\\\/elektrowerk.ee\\\/#website\"},\"primaryImageOfPage\":{\"@id\":\"https:\\\/\\\/elektrowerk.ee\\\/en\\\/automatics\\\/#primaryimage\"},\"image\":{\"@id\":\"https:\\\/\\\/elektrowerk.ee\\\/en\\\/automatics\\\/#primaryimage\"},\"thumbnailUrl\":\"https:\\\/\\\/elektrowerk.ee\\\/wp-content\\\/uploads\\\/2021\\\/04\\\/partner-300x142.jpg\",\"datePublished\":\"2019-12-02T07:18:42+00:00\",\"dateModified\":\"2021-04-26T09:33:42+00:00\",\"description\":\"Automaatika kodule \u2013 see on mugavuse, ohutuse ja kodu ekspluatatsiooni v\u00e4ljaminekute kontrolls\u00fcsteem. S\u00fcsteem teavitab Teid v\u00f5imalikest muutustest hetkega.\",\"breadcrumb\":{\"@id\":\"https:\\\/\\\/elektrowerk.ee\\\/en\\\/automatics\\\/#breadcrumb\"},\"inLanguage\":\"en-US\",\"potentialAction\":[{\"@type\":\"ReadAction\",\"target\":[\"https:\\\/\\\/elektrowerk.ee\\\/en\\\/automatics\\\/\"]}]},{\"@type\":\"ImageObject\",\"inLanguage\":\"en-US\",\"@id\":\"https:\\\/\\\/elektrowerk.ee\\\/en\\\/automatics\\\/#primaryimage\",\"url\":\"https:\\\/\\\/elektrowerk.ee\\\/wp-content\\\/uploads\\\/2021\\\/04\\\/partner-300x142.jpg\",\"contentUrl\":\"https:\\\/\\\/elektrowerk.ee\\\/wp-content\\\/uploads\\\/2021\\\/04\\\/partner-300x142.jpg\"},{\"@type\":\"BreadcrumbList\",\"@id\":\"https:\\\/\\\/elektrowerk.ee\\\/en\\\/automatics\\\/#breadcrumb\",\"itemListElement\":[{\"@type\":\"ListItem\",\"position\":1,\"name\":\"Home\",\"item\":\"https:\\\/\\\/elektrowerk.ee\\\/en\\\/\"},{\"@type\":\"ListItem\",\"position\":2,\"name\":\"Automatics\"}]},{\"@type\":\"WebSite\",\"@id\":\"https:\\\/\\\/elektrowerk.ee\\\/#website\",\"url\":\"https:\\\/\\\/elektrowerk.ee\\\/\",\"name\":\"Ehitus ja automaatika | Elektrowerk O\u00dc\",\"description\":\"\",\"potentialAction\":[{\"@type\":\"SearchAction\",\"target\":{\"@type\":\"EntryPoint\",\"urlTemplate\":\"https:\\\/\\\/elektrowerk.ee\\\/?s={search_term_string}\"},\"query-input\":{\"@type\":\"PropertyValueSpecification\",\"valueRequired\":true,\"valueName\":\"search_term_string\"}}],\"inLanguage\":\"en-US\"}]}<\/script>\n<!-- \/ Yoast SEO plugin. -->","yoast_head_json":{"title":"Automatics - Ehitus ja automaatika | Elektrowerk O\u00dc","description":"Automaatika kodule \u2013 see on mugavuse, ohutuse ja kodu ekspluatatsiooni v\u00e4ljaminekute kontrolls\u00fcsteem. S\u00fcsteem teavitab Teid v\u00f5imalikest muutustest hetkega.","robots":{"index":"index","follow":"follow","max-snippet":"max-snippet:-1","max-image-preview":"max-image-preview:large","max-video-preview":"max-video-preview:-1"},"canonical":"https:\/\/elektrowerk.ee\/en\/automatics\/","og_locale":"en_US","og_type":"article","og_title":"Automatics - Ehitus ja automaatika | Elektrowerk O\u00dc","og_description":"Automaatika kodule \u2013 see on mugavuse, ohutuse ja kodu ekspluatatsiooni v\u00e4ljaminekute kontrolls\u00fcsteem. S\u00fcsteem teavitab Teid v\u00f5imalikest muutustest hetkega.","og_url":"https:\/\/elektrowerk.ee\/en\/automatics\/","og_site_name":"Ehitus ja automaatika | Elektrowerk O\u00dc","article_modified_time":"2021-04-26T09:33:42+00:00","og_image":[{"url":"https:\/\/elektrowerk.ee\/wp-content\/uploads\/2021\/04\/partner-300x142.jpg","type":"","width":"","height":""}],"twitter_card":"summary_large_image","twitter_misc":{"Est. reading time":"1 minute"},"schema":{"@context":"https:\/\/schema.org","@graph":[{"@type":"WebPage","@id":"https:\/\/elektrowerk.ee\/en\/automatics\/","url":"https:\/\/elektrowerk.ee\/en\/automatics\/","name":"Automatics - Ehitus ja automaatika | Elektrowerk O\u00dc","isPartOf":{"@id":"https:\/\/elektrowerk.ee\/#website"},"primaryImageOfPage":{"@id":"https:\/\/elektrowerk.ee\/en\/automatics\/#primaryimage"},"image":{"@id":"https:\/\/elektrowerk.ee\/en\/automatics\/#primaryimage"},"thumbnailUrl":"https:\/\/elektrowerk.ee\/wp-content\/uploads\/2021\/04\/partner-300x142.jpg","datePublished":"2019-12-02T07:18:42+00:00","dateModified":"2021-04-26T09:33:42+00:00","description":"Automaatika kodule \u2013 see on mugavuse, ohutuse ja kodu ekspluatatsiooni v\u00e4ljaminekute kontrolls\u00fcsteem. S\u00fcsteem teavitab Teid v\u00f5imalikest muutustest hetkega.","breadcrumb":{"@id":"https:\/\/elektrowerk.ee\/en\/automatics\/#breadcrumb"},"inLanguage":"en-US","potentialAction":[{"@type":"ReadAction","target":["https:\/\/elektrowerk.ee\/en\/automatics\/"]}]},{"@type":"ImageObject","inLanguage":"en-US","@id":"https:\/\/elektrowerk.ee\/en\/automatics\/#primaryimage","url":"https:\/\/elektrowerk.ee\/wp-content\/uploads\/2021\/04\/partner-300x142.jpg","contentUrl":"https:\/\/elektrowerk.ee\/wp-content\/uploads\/2021\/04\/partner-300x142.jpg"},{"@type":"BreadcrumbList","@id":"https:\/\/elektrowerk.ee\/en\/automatics\/#breadcrumb","itemListElement":[{"@type":"ListItem","position":1,"name":"Home","item":"https:\/\/elektrowerk.ee\/en\/"},{"@type":"ListItem","position":2,"name":"Automatics"}]},{"@type":"WebSite","@id":"https:\/\/elektrowerk.ee\/#website","url":"https:\/\/elektrowerk.ee\/","name":"Ehitus ja automaatika | Elektrowerk O\u00dc","description":"","potentialAction":[{"@type":"SearchAction","target":{"@type":"EntryPoint","urlTemplate":"https:\/\/elektrowerk.ee\/?s={search_term_string}"},"query-input":{"@type":"PropertyValueSpecification","valueRequired":true,"valueName":"search_term_string"}}],"inLanguage":"en-US"}]}},"_links":{"self":[{"href":"https:\/\/elektrowerk.ee\/en\/wp-json\/wp\/v2\/pages\/1136","targetHints":{"allow":["GET"]}}],"collection":[{"href":"https:\/\/elektrowerk.ee\/en\/wp-json\/wp\/v2\/pages"}],"about":[{"href":"https:\/\/elektrowerk.ee\/en\/wp-json\/wp\/v2\/types\/page"}],"author":[{"embeddable":true,"href":"https:\/\/elektrowerk.ee\/en\/wp-json\/wp\/v2\/users\/1"}],"replies":[{"embeddable":true,"href":"https:\/\/elektrowerk.ee\/en\/wp-json\/wp\/v2\/comments?post=1136"}],"version-history":[{"count":5,"href":"https:\/\/elektrowerk.ee\/en\/wp-json\/wp\/v2\/pages\/1136\/revisions"}],"predecessor-version":[{"id":1406,"href":"https:\/\/elektrowerk.ee\/en\/wp-json\/wp\/v2\/pages\/1136\/revisions\/1406"}],"wp:attachment":[{"href":"https:\/\/elektrowerk.ee\/en\/wp-json\/wp\/v2\/media?parent=1136"}],"curies":[{"name":"wp","href":"https:\/\/api.w.org\/{rel}","templated":true}]}}